{"id":9962,"date":"2019-11-28T15:34:51","date_gmt":"2019-11-28T15:34:51","guid":{"rendered":"http:\/\/profiparts.onderhoudwebsite.nl\/product\/rubber-milk-tube-o24xo375-mm-white-stripes\/"},"modified":"2019-11-28T15:35:03","modified_gmt":"2019-11-28T15:35:03","slug":"rubber-milk-tube-o24xo375-mm-white-stripes","status":"publish","type":"product","link":"https:\/\/www.profiparts.nl\/en\/product\/rubber-milk-tube-o24xo375-mm-white-stripes\/","title":{"rendered":"Rubber milk tube, \u00d824x\u00d837,5 mm, white stripes"},"content":{"rendered":"<p>Rubber milk tube, \u00d824x\u00d837,5 mm, white stripes<\/p>\n","protected":false},"excerpt":{"rendered":"<p>25 mtr.<\/p>\n","protected":false},"featured_media":3216,"template":"","meta":[],"product_brand":[],"product_cat":[60,69],"product_tag":[],"class_list":{"0":"post-9962","1":"product","2":"type-product","3":"status-publish","4":"has-post-thumbnail","6":"product_cat-products","7":"product_cat-tubing-and-accessories","9":"first","10":"instock","11":"purchasable","12":"product-type-simple"},"_links":{"self":[{"href":"https:\/\/www.profiparts.nl\/en\/wp-json\/wp\/v2\/product\/9962","targetHints":{"allow":["GET"]}}],"collection":[{"href":"https:\/\/www.profiparts.nl\/en\/wp-json\/wp\/v2\/product"}],"about":[{"href":"https:\/\/www.profiparts.nl\/en\/wp-json\/wp\/v2\/types\/product"}],"wp:featuredmedia":[{"embeddable":true,"href":"https:\/\/www.profiparts.nl\/en\/wp-json\/wp\/v2\/media\/3216"}],"wp:attachment":[{"href":"https:\/\/www.profiparts.nl\/en\/wp-json\/wp\/v2\/media?parent=9962"}],"wp:term":[{"taxonomy":"product_brand","embeddable":true,"href":"https:\/\/www.profiparts.nl\/en\/wp-json\/wp\/v2\/product_brand?post=9962"},{"taxonomy":"product_cat","embeddable":true,"href":"https:\/\/www.profiparts.nl\/en\/wp-json\/wp\/v2\/product_cat?post=9962"},{"taxonomy":"product_tag","embeddable":true,"href":"https:\/\/www.profiparts.nl\/en\/wp-json\/wp\/v2\/product_tag?post=9962"}],"curies":[{"name":"wp","href":"https:\/\/api.w.org\/{rel}","templated":true}]}}