{"id":9926,"date":"2019-11-28T15:34:36","date_gmt":"2019-11-28T15:34:36","guid":{"rendered":"http:\/\/profiparts.onderhoudwebsite.nl\/product\/pvc-airtube-o7xo13-mm-blue-stripes\/"},"modified":"2019-11-28T15:34:37","modified_gmt":"2019-11-28T15:34:37","slug":"pvc-airtube-o7xo13-mm-blue-stripes","status":"publish","type":"product","link":"https:\/\/www.profiparts.nl\/en\/product\/pvc-airtube-o7xo13-mm-blue-stripes\/","title":{"rendered":"PVC airtube, \u00d87x\u00d813 mm, blue stripes"},"content":{"rendered":"<p>PVC airtube, \u00d87x\u00d813 mm, blue stripes<\/p>\n","protected":false},"excerpt":{"rendered":"<p>25 mtr.<\/p>\n","protected":false},"featured_media":3282,"template":"","meta":[],"product_brand":[],"product_cat":[60,69],"product_tag":[],"class_list":{"0":"post-9926","1":"product","2":"type-product","3":"status-publish","4":"has-post-thumbnail","6":"product_cat-products","7":"product_cat-tubing-and-accessories","9":"first","10":"instock","11":"purchasable","12":"product-type-simple"},"_links":{"self":[{"href":"https:\/\/www.profiparts.nl\/en\/wp-json\/wp\/v2\/product\/9926","targetHints":{"allow":["GET"]}}],"collection":[{"href":"https:\/\/www.profiparts.nl\/en\/wp-json\/wp\/v2\/product"}],"about":[{"href":"https:\/\/www.profiparts.nl\/en\/wp-json\/wp\/v2\/types\/product"}],"wp:featuredmedia":[{"embeddable":true,"href":"https:\/\/www.profiparts.nl\/en\/wp-json\/wp\/v2\/media\/3282"}],"wp:attachment":[{"href":"https:\/\/www.profiparts.nl\/en\/wp-json\/wp\/v2\/media?parent=9926"}],"wp:term":[{"taxonomy":"product_brand","embeddable":true,"href":"https:\/\/www.profiparts.nl\/en\/wp-json\/wp\/v2\/product_brand?post=9926"},{"taxonomy":"product_cat","embeddable":true,"href":"https:\/\/www.profiparts.nl\/en\/wp-json\/wp\/v2\/product_cat?post=9926"},{"taxonomy":"product_tag","embeddable":true,"href":"https:\/\/www.profiparts.nl\/en\/wp-json\/wp\/v2\/product_tag?post=9926"}],"curies":[{"name":"wp","href":"https:\/\/api.w.org\/{rel}","templated":true}]}}