{"id":9908,"date":"2019-11-28T15:34:21","date_gmt":"2019-11-28T15:34:21","guid":{"rendered":"http:\/\/profiparts.onderhoudwebsite.nl\/product\/short-airtube-o6xo13x220-mm\/"},"modified":"2019-11-28T15:34:26","modified_gmt":"2019-11-28T15:34:26","slug":"short-airtube-o6xo13x220-mm","status":"publish","type":"product","link":"https:\/\/www.profiparts.nl\/en\/product\/short-airtube-o6xo13x220-mm\/","title":{"rendered":"Short airtube \u00d86x\u00d813&#215;220 mm"},"content":{"rendered":"<p>Short airtube \u00d86x\u00d813&#215;220 mm<\/p>\n","protected":false},"excerpt":{"rendered":"<p>fitt. Gascoigne Melotte<\/p>\n","protected":false},"featured_media":3246,"template":"","meta":[],"product_brand":[],"product_cat":[60,69],"product_tag":[],"class_list":{"0":"post-9908","1":"product","2":"type-product","3":"status-publish","4":"has-post-thumbnail","6":"product_cat-products","7":"product_cat-tubing-and-accessories","8":"pa_color-black","9":"pa_color-green","10":"pa_color-orange","12":"first","13":"instock","14":"purchasable","15":"product-type-variable"},"_links":{"self":[{"href":"https:\/\/www.profiparts.nl\/en\/wp-json\/wp\/v2\/product\/9908","targetHints":{"allow":["GET"]}}],"collection":[{"href":"https:\/\/www.profiparts.nl\/en\/wp-json\/wp\/v2\/product"}],"about":[{"href":"https:\/\/www.profiparts.nl\/en\/wp-json\/wp\/v2\/types\/product"}],"wp:featuredmedia":[{"embeddable":true,"href":"https:\/\/www.profiparts.nl\/en\/wp-json\/wp\/v2\/media\/3246"}],"wp:attachment":[{"href":"https:\/\/www.profiparts.nl\/en\/wp-json\/wp\/v2\/media?parent=9908"}],"wp:term":[{"taxonomy":"product_brand","embeddable":true,"href":"https:\/\/www.profiparts.nl\/en\/wp-json\/wp\/v2\/product_brand?post=9908"},{"taxonomy":"product_cat","embeddable":true,"href":"https:\/\/www.profiparts.nl\/en\/wp-json\/wp\/v2\/product_cat?post=9908"},{"taxonomy":"product_tag","embeddable":true,"href":"https:\/\/www.profiparts.nl\/en\/wp-json\/wp\/v2\/product_tag?post=9908"}],"curies":[{"name":"wp","href":"https:\/\/api.w.org\/{rel}","templated":true}]}}