{"id":7939,"date":"2019-11-22T12:52:00","date_gmt":"2019-11-22T12:52:00","guid":{"rendered":"http:\/\/profiparts.onderhoudwebsite.nl\/product\/silikon-zitzengummi-o20-mm-fur-ziegen\/"},"modified":"2019-11-22T12:52:03","modified_gmt":"2019-11-22T12:52:03","slug":"silikon-zitzengummi-o20-mm-fur-ziegen","status":"publish","type":"product","link":"https:\/\/www.profiparts.nl\/de\/produkt\/silikon-zitzengummi-o20-mm-fur-ziegen\/","title":{"rendered":"Silikon Zitzengummi \u00d820 mm f\u00fcr Ziegen"},"content":{"rendered":"<p>Silikon Zitzengummi \u00d820 mm f\u00fcr Ziegen<\/p>\n","protected":false},"excerpt":{"rendered":"<p>Silikon Zitzengummi \u00d820 mm f\u00fcr Ziegen<\/p>\n","protected":false},"featured_media":15345,"template":"","meta":[],"product_brand":[],"product_cat":[88,81,92],"product_tag":[],"class_list":{"0":"post-7939","1":"product","2":"type-product","3":"status-publish","4":"has-post-thumbnail","6":"product_cat-melkzeuge-und-zubehor","7":"product_cat-produkte","8":"product_cat-ziegen-and-schafe","10":"first","11":"instock","12":"purchasable","13":"product-type-simple"},"_links":{"self":[{"href":"https:\/\/www.profiparts.nl\/de\/wp-json\/wp\/v2\/product\/7939","targetHints":{"allow":["GET"]}}],"collection":[{"href":"https:\/\/www.profiparts.nl\/de\/wp-json\/wp\/v2\/product"}],"about":[{"href":"https:\/\/www.profiparts.nl\/de\/wp-json\/wp\/v2\/types\/product"}],"wp:featuredmedia":[{"embeddable":true,"href":"https:\/\/www.profiparts.nl\/de\/wp-json\/wp\/v2\/media\/15345"}],"wp:attachment":[{"href":"https:\/\/www.profiparts.nl\/de\/wp-json\/wp\/v2\/media?parent=7939"}],"wp:term":[{"taxonomy":"product_brand","embeddable":true,"href":"https:\/\/www.profiparts.nl\/de\/wp-json\/wp\/v2\/product_brand?post=7939"},{"taxonomy":"product_cat","embeddable":true,"href":"https:\/\/www.profiparts.nl\/de\/wp-json\/wp\/v2\/product_cat?post=7939"},{"taxonomy":"product_tag","embeddable":true,"href":"https:\/\/www.profiparts.nl\/de\/wp-json\/wp\/v2\/product_tag?post=7939"}],"curies":[{"name":"wp","href":"https:\/\/api.w.org\/{rel}","templated":true}]}}