{"id":2077,"date":"2019-11-29T13:59:06","date_gmt":"2019-11-29T13:59:06","guid":{"rendered":"http:\/\/profiparts.onderhoudwebsite.nl\/product\/spulkopf-o22-mm\/"},"modified":"2019-11-29T13:59:42","modified_gmt":"2019-11-29T13:59:42","slug":"spulkopf-o22-mm","status":"publish","type":"product","link":"https:\/\/www.profiparts.nl\/de\/produkt\/spulkopf-o22-mm\/","title":{"rendered":"Sp\u00fclkopf \u00d822 mm"},"content":{"rendered":"<p>Sp\u00fclkopf \u00d822 mm<\/p>\n","protected":false},"excerpt":{"rendered":"<p>Typ 1<\/p>\n","protected":false},"featured_media":1701,"template":"","meta":[],"product_brand":[],"product_cat":[81,82],"product_tag":[],"class_list":{"0":"post-2077","1":"product","2":"type-product","3":"status-publish","4":"has-post-thumbnail","6":"product_cat-produkte","7":"product_cat-reinigung-und-hygiene","8":"pa_farbe-blau","9":"pa_farbe-gelb","10":"pa_farbe-grun","11":"pa_farbe-schwarz","13":"first","14":"instock","15":"purchasable","16":"product-type-variable"},"_links":{"self":[{"href":"https:\/\/www.profiparts.nl\/de\/wp-json\/wp\/v2\/product\/2077","targetHints":{"allow":["GET"]}}],"collection":[{"href":"https:\/\/www.profiparts.nl\/de\/wp-json\/wp\/v2\/product"}],"about":[{"href":"https:\/\/www.profiparts.nl\/de\/wp-json\/wp\/v2\/types\/product"}],"wp:featuredmedia":[{"embeddable":true,"href":"https:\/\/www.profiparts.nl\/de\/wp-json\/wp\/v2\/media\/1701"}],"wp:attachment":[{"href":"https:\/\/www.profiparts.nl\/de\/wp-json\/wp\/v2\/media?parent=2077"}],"wp:term":[{"taxonomy":"product_brand","embeddable":true,"href":"https:\/\/www.profiparts.nl\/de\/wp-json\/wp\/v2\/product_brand?post=2077"},{"taxonomy":"product_cat","embeddable":true,"href":"https:\/\/www.profiparts.nl\/de\/wp-json\/wp\/v2\/product_cat?post=2077"},{"taxonomy":"product_tag","embeddable":true,"href":"https:\/\/www.profiparts.nl\/de\/wp-json\/wp\/v2\/product_tag?post=2077"}],"curies":[{"name":"wp","href":"https:\/\/api.w.org\/{rel}","templated":true}]}}