{"id":18952,"date":"2023-12-01T10:37:10","date_gmt":"2023-12-01T10:37:10","guid":{"rendered":"https:\/\/www.profiparts.nl\/product\/satz-dichtung-mit-duese-fuer-spruehgeraet-korr-lely-a2-und-korr-delaval-999412-82\/"},"modified":"2023-12-01T10:37:14","modified_gmt":"2023-12-01T10:37:14","slug":"satz-dichtung-mit-duese-fuer-spruehgeraet-korr-lely-a2-und-korr-delaval-999412-82","status":"publish","type":"product","link":"https:\/\/www.profiparts.nl\/de\/produkt\/satz-dichtung-mit-duese-fuer-spruehgeraet-korr-lely-a2-und-korr-delaval-999412-82\/","title":{"rendered":"Satz Dichtung mit D\u00fcse f\u00fcr Spr\u00fchger\u00e4t korr. Lely A2 und korr. DeLaval 999412-82"},"content":{"rendered":"<p>Satz Dichtung mit D\u00fcse f\u00fcr Spr\u00fchger\u00e4t korr. Lely A2 und korr. DeLaval 999412-82<\/p>\n","protected":false},"excerpt":{"rendered":"<p>Satz Dichtung mit D\u00fcse f\u00fcr Spr\u00fchger\u00e4t korr. Lely A2 und korr. DeLaval 999412-82<\/p>\n","protected":false},"featured_media":18908,"template":"","meta":[],"product_brand":[],"product_cat":[216,219,213,225,81,82],"product_tag":[],"class_list":{"0":"post-18952","1":"product","2":"type-product","3":"status-publish","4":"has-post-thumbnail","6":"product_cat-korr-delaval","7":"product_cat-korr-lely","8":"product_cat-markenubersicht","9":"product_cat-neu","10":"product_cat-produkte","11":"product_cat-reinigung-und-hygiene","13":"first","14":"instock","15":"purchasable","16":"product-type-simple"},"_links":{"self":[{"href":"https:\/\/www.profiparts.nl\/de\/wp-json\/wp\/v2\/product\/18952","targetHints":{"allow":["GET"]}}],"collection":[{"href":"https:\/\/www.profiparts.nl\/de\/wp-json\/wp\/v2\/product"}],"about":[{"href":"https:\/\/www.profiparts.nl\/de\/wp-json\/wp\/v2\/types\/product"}],"wp:featuredmedia":[{"embeddable":true,"href":"https:\/\/www.profiparts.nl\/de\/wp-json\/wp\/v2\/media\/18908"}],"wp:attachment":[{"href":"https:\/\/www.profiparts.nl\/de\/wp-json\/wp\/v2\/media?parent=18952"}],"wp:term":[{"taxonomy":"product_brand","embeddable":true,"href":"https:\/\/www.profiparts.nl\/de\/wp-json\/wp\/v2\/product_brand?post=18952"},{"taxonomy":"product_cat","embeddable":true,"href":"https:\/\/www.profiparts.nl\/de\/wp-json\/wp\/v2\/product_cat?post=18952"},{"taxonomy":"product_tag","embeddable":true,"href":"https:\/\/www.profiparts.nl\/de\/wp-json\/wp\/v2\/product_tag?post=18952"}],"curies":[{"name":"wp","href":"https:\/\/api.w.org\/{rel}","templated":true}]}}