{"id":18754,"date":"2022-06-09T14:53:47","date_gmt":"2022-06-09T14:53:47","guid":{"rendered":"https:\/\/www.profiparts.nl\/product\/edelstahlplatte-fuer-spuelbecher-korr-milkrite\/"},"modified":"2022-06-09T14:53:48","modified_gmt":"2022-06-09T14:53:48","slug":"edelstahlplatte-fuer-spuelbecher-korr-milkrite","status":"publish","type":"product","link":"https:\/\/www.profiparts.nl\/de\/produkt\/edelstahlplatte-fuer-spuelbecher-korr-milkrite\/","title":{"rendered":"Edelstahlplatte f\u00fcr Sp\u00fclbecher korr. Milkrite"},"content":{"rendered":"<p>Edelstahlplatte f\u00fcr Sp\u00fclbecher korr. Milkrite<\/p>\n","protected":false},"excerpt":{"rendered":"<p>Edelstahlplatte f\u00fcr Sp\u00fclbecher korr. Milkrite<\/p>\n","protected":false},"featured_media":18737,"template":"","meta":[],"product_brand":[],"product_cat":[225,81,82],"product_tag":[],"class_list":{"0":"post-18754","1":"product","2":"type-product","3":"status-publish","4":"has-post-thumbnail","6":"product_cat-neu","7":"product_cat-produkte","8":"product_cat-reinigung-und-hygiene","10":"first","11":"instock","12":"purchasable","13":"product-type-simple"},"_links":{"self":[{"href":"https:\/\/www.profiparts.nl\/de\/wp-json\/wp\/v2\/product\/18754","targetHints":{"allow":["GET"]}}],"collection":[{"href":"https:\/\/www.profiparts.nl\/de\/wp-json\/wp\/v2\/product"}],"about":[{"href":"https:\/\/www.profiparts.nl\/de\/wp-json\/wp\/v2\/types\/product"}],"wp:featuredmedia":[{"embeddable":true,"href":"https:\/\/www.profiparts.nl\/de\/wp-json\/wp\/v2\/media\/18737"}],"wp:attachment":[{"href":"https:\/\/www.profiparts.nl\/de\/wp-json\/wp\/v2\/media?parent=18754"}],"wp:term":[{"taxonomy":"product_brand","embeddable":true,"href":"https:\/\/www.profiparts.nl\/de\/wp-json\/wp\/v2\/product_brand?post=18754"},{"taxonomy":"product_cat","embeddable":true,"href":"https:\/\/www.profiparts.nl\/de\/wp-json\/wp\/v2\/product_cat?post=18754"},{"taxonomy":"product_tag","embeddable":true,"href":"https:\/\/www.profiparts.nl\/de\/wp-json\/wp\/v2\/product_tag?post=18754"}],"curies":[{"name":"wp","href":"https:\/\/api.w.org\/{rel}","templated":true}]}}