{"id":12765,"date":"2019-12-03T11:11:33","date_gmt":"2019-12-03T11:11:33","guid":{"rendered":"http:\/\/profiparts.onderhoudwebsite.nl\/product\/kette-fur-zahnrad-futterungsautomat\/"},"modified":"2019-12-03T11:11:38","modified_gmt":"2019-12-03T11:11:38","slug":"kette-fuer-zahnrad-fuetterungsautomat","status":"publish","type":"product","link":"https:\/\/www.profiparts.nl\/de\/produkt\/kette-fuer-zahnrad-fuetterungsautomat\/","title":{"rendered":"Kette f\u00fcr Zahnrad F\u00fctterungsautomat"},"content":{"rendered":"<p>Kette f\u00fcr Zahnrad F\u00fctterungsautomat<\/p>\n","protected":false},"excerpt":{"rendered":"<p>Kette f\u00fcr Zahnrad F\u00fctterungsautomat<\/p>\n","protected":false},"featured_media":4687,"template":"","meta":[],"product_brand":[],"product_cat":[93,81],"product_tag":[],"class_list":{"0":"post-12765","1":"product","2":"type-product","3":"status-publish","4":"has-post-thumbnail","6":"product_cat-futterung-und-pflege","7":"product_cat-produkte","9":"first","10":"instock","11":"purchasable","12":"product-type-simple"},"_links":{"self":[{"href":"https:\/\/www.profiparts.nl\/de\/wp-json\/wp\/v2\/product\/12765","targetHints":{"allow":["GET"]}}],"collection":[{"href":"https:\/\/www.profiparts.nl\/de\/wp-json\/wp\/v2\/product"}],"about":[{"href":"https:\/\/www.profiparts.nl\/de\/wp-json\/wp\/v2\/types\/product"}],"wp:featuredmedia":[{"embeddable":true,"href":"https:\/\/www.profiparts.nl\/de\/wp-json\/wp\/v2\/media\/4687"}],"wp:attachment":[{"href":"https:\/\/www.profiparts.nl\/de\/wp-json\/wp\/v2\/media?parent=12765"}],"wp:term":[{"taxonomy":"product_brand","embeddable":true,"href":"https:\/\/www.profiparts.nl\/de\/wp-json\/wp\/v2\/product_brand?post=12765"},{"taxonomy":"product_cat","embeddable":true,"href":"https:\/\/www.profiparts.nl\/de\/wp-json\/wp\/v2\/product_cat?post=12765"},{"taxonomy":"product_tag","embeddable":true,"href":"https:\/\/www.profiparts.nl\/de\/wp-json\/wp\/v2\/product_tag?post=12765"}],"curies":[{"name":"wp","href":"https:\/\/api.w.org\/{rel}","templated":true}]}}