{"id":12726,"date":"2019-12-03T11:11:18","date_gmt":"2019-12-03T11:11:18","guid":{"rendered":"http:\/\/profiparts.onderhoudwebsite.nl\/product\/ring-fur-deckel-grun-pass-gascoigne-melotte\/"},"modified":"2019-12-03T11:11:20","modified_gmt":"2019-12-03T11:11:20","slug":"ring-fuer-deckel-gruen-pass-gascoigne-melotte","status":"publish","type":"product","link":"https:\/\/www.profiparts.nl\/de\/produkt\/ring-fuer-deckel-gruen-pass-gascoigne-melotte\/","title":{"rendered":"Ring f\u00fcr Deckel gr\u00fcn, pass. Gascoigne Melotte"},"content":{"rendered":"<p>Ring f\u00fcr Deckel gr\u00fcn, pass. Gascoigne Melotte<\/p>\n","protected":false},"excerpt":{"rendered":"<p>Ring f\u00fcr Deckel gr\u00fcn, pass. Gascoigne Melotte<\/p>\n","protected":false},"featured_media":3370,"template":"","meta":[],"product_brand":[],"product_cat":[218,213,91,81],"product_tag":[],"class_list":{"0":"post-12726","1":"product","2":"type-product","3":"status-publish","4":"has-post-thumbnail","6":"product_cat-korr-gascoigne-melotte","7":"product_cat-markenubersicht","8":"product_cat-minimelker-und-melkeimer","9":"product_cat-produkte","11":"first","12":"instock","13":"purchasable","14":"product-type-simple"},"_links":{"self":[{"href":"https:\/\/www.profiparts.nl\/de\/wp-json\/wp\/v2\/product\/12726","targetHints":{"allow":["GET"]}}],"collection":[{"href":"https:\/\/www.profiparts.nl\/de\/wp-json\/wp\/v2\/product"}],"about":[{"href":"https:\/\/www.profiparts.nl\/de\/wp-json\/wp\/v2\/types\/product"}],"wp:featuredmedia":[{"embeddable":true,"href":"https:\/\/www.profiparts.nl\/de\/wp-json\/wp\/v2\/media\/3370"}],"wp:attachment":[{"href":"https:\/\/www.profiparts.nl\/de\/wp-json\/wp\/v2\/media?parent=12726"}],"wp:term":[{"taxonomy":"product_brand","embeddable":true,"href":"https:\/\/www.profiparts.nl\/de\/wp-json\/wp\/v2\/product_brand?post=12726"},{"taxonomy":"product_cat","embeddable":true,"href":"https:\/\/www.profiparts.nl\/de\/wp-json\/wp\/v2\/product_cat?post=12726"},{"taxonomy":"product_tag","embeddable":true,"href":"https:\/\/www.profiparts.nl\/de\/wp-json\/wp\/v2\/product_tag?post=12726"}],"curies":[{"name":"wp","href":"https:\/\/api.w.org\/{rel}","templated":true}]}}