{"id":12683,"date":"2019-12-03T11:10:37","date_gmt":"2019-12-03T11:10:37","guid":{"rendered":"http:\/\/profiparts.onderhoudwebsite.nl\/product\/3-wege-ablassventil-o50-mm-220-v-50-hz-50-mm-x-50-mm-x-1-stromlos-geoffnet\/"},"modified":"2019-12-03T11:10:39","modified_gmt":"2019-12-03T11:10:39","slug":"3-wege-ablassventil-oe50-mm-220-v-50-hz-50-mm-x-50-mm-x-1-stromlos-geoeffnet","status":"publish","type":"product","link":"https:\/\/www.profiparts.nl\/de\/produkt\/3-wege-ablassventil-oe50-mm-220-v-50-hz-50-mm-x-50-mm-x-1-stromlos-geoeffnet\/","title":{"rendered":"3-Wege Ablassventil \u00d850 mm, 220 V, 50 Hz, 50 mm x 50 mm x 1&#8243;, stromlos ge\u00f6ffnet"},"content":{"rendered":"<p>3-Wege Ablassventil \u00d850 mm, 220 V, 50 Hz, 50 mm x 50 mm x 1&#8243;, stromlos ge\u00f6ffnet<\/p>\n","protected":false},"excerpt":{"rendered":"<p>pass. Miele<\/p>\n","protected":false},"featured_media":3670,"template":"","meta":[],"product_brand":[],"product_cat":[90,221,213,81],"product_tag":[],"class_list":{"0":"post-12683","1":"product","2":"type-product","3":"status-publish","4":"has-post-thumbnail","6":"product_cat-ablass-und-magnetventile","7":"product_cat-korr-miele","8":"product_cat-markenubersicht","9":"product_cat-produkte","11":"first","12":"instock","13":"purchasable","14":"product-type-simple"},"_links":{"self":[{"href":"https:\/\/www.profiparts.nl\/de\/wp-json\/wp\/v2\/product\/12683","targetHints":{"allow":["GET"]}}],"collection":[{"href":"https:\/\/www.profiparts.nl\/de\/wp-json\/wp\/v2\/product"}],"about":[{"href":"https:\/\/www.profiparts.nl\/de\/wp-json\/wp\/v2\/types\/product"}],"wp:featuredmedia":[{"embeddable":true,"href":"https:\/\/www.profiparts.nl\/de\/wp-json\/wp\/v2\/media\/3670"}],"wp:attachment":[{"href":"https:\/\/www.profiparts.nl\/de\/wp-json\/wp\/v2\/media?parent=12683"}],"wp:term":[{"taxonomy":"product_brand","embeddable":true,"href":"https:\/\/www.profiparts.nl\/de\/wp-json\/wp\/v2\/product_brand?post=12683"},{"taxonomy":"product_cat","embeddable":true,"href":"https:\/\/www.profiparts.nl\/de\/wp-json\/wp\/v2\/product_cat?post=12683"},{"taxonomy":"product_tag","embeddable":true,"href":"https:\/\/www.profiparts.nl\/de\/wp-json\/wp\/v2\/product_tag?post=12683"}],"curies":[{"name":"wp","href":"https:\/\/api.w.org\/{rel}","templated":true}]}}