{"id":12677,"date":"2019-12-02T07:58:07","date_gmt":"2019-12-02T07:58:07","guid":{"rendered":"http:\/\/profiparts.onderhoudwebsite.nl\/product\/membrane-fur-ablassventil-o50-mm\/"},"modified":"2019-12-02T07:58:08","modified_gmt":"2019-12-02T07:58:08","slug":"membrane-fur-ablassventil-o50-mm","status":"publish","type":"product","link":"https:\/\/www.profiparts.nl\/de\/produkt\/membrane-fur-ablassventil-o50-mm\/","title":{"rendered":"Membrane f\u00fcr Ablassventil \u00d850 mm"},"content":{"rendered":"<p>Membrane f\u00fcr Ablassventil \u00d850 mm<\/p>\n","protected":false},"excerpt":{"rendered":"<p>Membrane f\u00fcr Ablassventil \u00d850 mm<\/p>\n","protected":false},"featured_media":15504,"template":"","meta":[],"product_brand":[],"product_cat":[90,81],"product_tag":[],"class_list":{"0":"post-12677","1":"product","2":"type-product","3":"status-publish","4":"has-post-thumbnail","6":"product_cat-ablass-und-magnetventile","7":"product_cat-produkte","9":"first","10":"instock","11":"purchasable","12":"product-type-simple"},"_links":{"self":[{"href":"https:\/\/www.profiparts.nl\/de\/wp-json\/wp\/v2\/product\/12677","targetHints":{"allow":["GET"]}}],"collection":[{"href":"https:\/\/www.profiparts.nl\/de\/wp-json\/wp\/v2\/product"}],"about":[{"href":"https:\/\/www.profiparts.nl\/de\/wp-json\/wp\/v2\/types\/product"}],"wp:featuredmedia":[{"embeddable":true,"href":"https:\/\/www.profiparts.nl\/de\/wp-json\/wp\/v2\/media\/15504"}],"wp:attachment":[{"href":"https:\/\/www.profiparts.nl\/de\/wp-json\/wp\/v2\/media?parent=12677"}],"wp:term":[{"taxonomy":"product_brand","embeddable":true,"href":"https:\/\/www.profiparts.nl\/de\/wp-json\/wp\/v2\/product_brand?post=12677"},{"taxonomy":"product_cat","embeddable":true,"href":"https:\/\/www.profiparts.nl\/de\/wp-json\/wp\/v2\/product_cat?post=12677"},{"taxonomy":"product_tag","embeddable":true,"href":"https:\/\/www.profiparts.nl\/de\/wp-json\/wp\/v2\/product_tag?post=12677"}],"curies":[{"name":"wp","href":"https:\/\/api.w.org\/{rel}","templated":true}]}}