{"id":12653,"date":"2019-12-03T11:10:19","date_gmt":"2019-12-03T11:10:19","guid":{"rendered":"http:\/\/profiparts.onderhoudwebsite.nl\/product\/membrane-fur-2-wege-ablassventil-o40-mm-korr-westfalia-7801-1702-020\/"},"modified":"2019-12-03T11:10:22","modified_gmt":"2019-12-03T11:10:22","slug":"membrane-fuer-2-wege-ablassventil-oe40-mm-korr-westfalia-7801-1702-020","status":"publish","type":"product","link":"https:\/\/www.profiparts.nl\/de\/produkt\/membrane-fuer-2-wege-ablassventil-oe40-mm-korr-westfalia-7801-1702-020\/","title":{"rendered":"Membrane f\u00fcr 2-Wege Ablassventil \u00d840 mm korr. Westfalia 7801-1702-020"},"content":{"rendered":"<p>Membrane f\u00fcr 2-Wege Ablassventil \u00d840 mm korr. Westfalia 7801-1702-020<\/p>\n","protected":false},"excerpt":{"rendered":"<p>Membrane f\u00fcr 2-Wege Ablassventil \u00d840 mm korr. Westfalia 7801-1702-020<\/p>\n","protected":false},"featured_media":15490,"template":"","meta":[],"product_brand":[],"product_cat":[90,224,213,225,81],"product_tag":[],"class_list":{"0":"post-12653","1":"product","2":"type-product","3":"status-publish","4":"has-post-thumbnail","6":"product_cat-ablass-und-magnetventile","7":"product_cat-korr-westfalia","8":"product_cat-markenubersicht","9":"product_cat-neu","10":"product_cat-produkte","12":"first","13":"instock","14":"purchasable","15":"product-type-simple"},"_links":{"self":[{"href":"https:\/\/www.profiparts.nl\/de\/wp-json\/wp\/v2\/product\/12653","targetHints":{"allow":["GET"]}}],"collection":[{"href":"https:\/\/www.profiparts.nl\/de\/wp-json\/wp\/v2\/product"}],"about":[{"href":"https:\/\/www.profiparts.nl\/de\/wp-json\/wp\/v2\/types\/product"}],"wp:featuredmedia":[{"embeddable":true,"href":"https:\/\/www.profiparts.nl\/de\/wp-json\/wp\/v2\/media\/15490"}],"wp:attachment":[{"href":"https:\/\/www.profiparts.nl\/de\/wp-json\/wp\/v2\/media?parent=12653"}],"wp:term":[{"taxonomy":"product_brand","embeddable":true,"href":"https:\/\/www.profiparts.nl\/de\/wp-json\/wp\/v2\/product_brand?post=12653"},{"taxonomy":"product_cat","embeddable":true,"href":"https:\/\/www.profiparts.nl\/de\/wp-json\/wp\/v2\/product_cat?post=12653"},{"taxonomy":"product_tag","embeddable":true,"href":"https:\/\/www.profiparts.nl\/de\/wp-json\/wp\/v2\/product_tag?post=12653"}],"curies":[{"name":"wp","href":"https:\/\/api.w.org\/{rel}","templated":true}]}}