{"id":12639,"date":"2019-12-02T07:57:20","date_gmt":"2019-12-02T07:57:20","guid":{"rendered":"http:\/\/profiparts.onderhoudwebsite.nl\/product\/spule-fur-a-u-k-muller-ventile\/"},"modified":"2019-12-02T07:57:29","modified_gmt":"2019-12-02T07:57:29","slug":"spule-fur-a-u-k-muller-ventile","status":"publish","type":"product","link":"https:\/\/www.profiparts.nl\/de\/produkt\/spule-fur-a-u-k-muller-ventile\/","title":{"rendered":"Spule f\u00fcr A.u.K. M\u00fcller Ventile"},"content":{"rendered":"<p>Spule f\u00fcr A.u.K. M\u00fcller Ventile<\/p>\n","protected":false},"excerpt":{"rendered":"<p>Spule f\u00fcr A.u.K. M\u00fcller Ventile<\/p>\n","protected":false},"featured_media":3976,"template":"","meta":[],"product_brand":[],"product_cat":[90,81],"product_tag":[],"class_list":{"0":"post-12639","1":"product","2":"type-product","3":"status-publish","4":"has-post-thumbnail","6":"product_cat-ablass-und-magnetventile","7":"product_cat-produkte","8":"pa_typ-110-v","9":"pa_typ-12-v","10":"pa_typ-220-v","11":"pa_typ-24-v","13":"first","14":"instock","15":"purchasable","16":"product-type-variable"},"_links":{"self":[{"href":"https:\/\/www.profiparts.nl\/de\/wp-json\/wp\/v2\/product\/12639","targetHints":{"allow":["GET"]}}],"collection":[{"href":"https:\/\/www.profiparts.nl\/de\/wp-json\/wp\/v2\/product"}],"about":[{"href":"https:\/\/www.profiparts.nl\/de\/wp-json\/wp\/v2\/types\/product"}],"wp:featuredmedia":[{"embeddable":true,"href":"https:\/\/www.profiparts.nl\/de\/wp-json\/wp\/v2\/media\/3976"}],"wp:attachment":[{"href":"https:\/\/www.profiparts.nl\/de\/wp-json\/wp\/v2\/media?parent=12639"}],"wp:term":[{"taxonomy":"product_brand","embeddable":true,"href":"https:\/\/www.profiparts.nl\/de\/wp-json\/wp\/v2\/product_brand?post=12639"},{"taxonomy":"product_cat","embeddable":true,"href":"https:\/\/www.profiparts.nl\/de\/wp-json\/wp\/v2\/product_cat?post=12639"},{"taxonomy":"product_tag","embeddable":true,"href":"https:\/\/www.profiparts.nl\/de\/wp-json\/wp\/v2\/product_tag?post=12639"}],"curies":[{"name":"wp","href":"https:\/\/api.w.org\/{rel}","templated":true}]}}