{"id":12511,"date":"2019-12-02T07:54:50","date_gmt":"2019-12-02T07:54:50","guid":{"rendered":"http:\/\/profiparts.onderhoudwebsite.nl\/product\/schlauchhalter-fur-o14-mm-schlauch\/"},"modified":"2019-12-02T07:54:55","modified_gmt":"2019-12-02T07:54:55","slug":"schlauchhalter-fur-o14-mm-schlauch","status":"publish","type":"product","link":"https:\/\/www.profiparts.nl\/de\/produkt\/schlauchhalter-fur-o14-mm-schlauch\/","title":{"rendered":"Schlauchhalter f\u00fcr \u00d814 mm Schlauch"},"content":{"rendered":"<p>Schlauchhalter f\u00fcr \u00d814 mm Schlauch<\/p>\n","protected":false},"excerpt":{"rendered":"<p>Schlauchhalter f\u00fcr \u00d814 mm Schlauch<\/p>\n","protected":false},"featured_media":2161,"template":"","meta":[],"product_brand":[],"product_cat":[81,89],"product_tag":[],"class_list":{"0":"post-12511","1":"product","2":"type-product","3":"status-publish","4":"has-post-thumbnail","6":"product_cat-produkte","7":"product_cat-schlauche-und-zubehor","8":"pa_farbe-blau","9":"pa_farbe-schwarz","11":"first","12":"instock","13":"purchasable","14":"product-type-variable"},"_links":{"self":[{"href":"https:\/\/www.profiparts.nl\/de\/wp-json\/wp\/v2\/product\/12511","targetHints":{"allow":["GET"]}}],"collection":[{"href":"https:\/\/www.profiparts.nl\/de\/wp-json\/wp\/v2\/product"}],"about":[{"href":"https:\/\/www.profiparts.nl\/de\/wp-json\/wp\/v2\/types\/product"}],"wp:featuredmedia":[{"embeddable":true,"href":"https:\/\/www.profiparts.nl\/de\/wp-json\/wp\/v2\/media\/2161"}],"wp:attachment":[{"href":"https:\/\/www.profiparts.nl\/de\/wp-json\/wp\/v2\/media?parent=12511"}],"wp:term":[{"taxonomy":"product_brand","embeddable":true,"href":"https:\/\/www.profiparts.nl\/de\/wp-json\/wp\/v2\/product_brand?post=12511"},{"taxonomy":"product_cat","embeddable":true,"href":"https:\/\/www.profiparts.nl\/de\/wp-json\/wp\/v2\/product_cat?post=12511"},{"taxonomy":"product_tag","embeddable":true,"href":"https:\/\/www.profiparts.nl\/de\/wp-json\/wp\/v2\/product_tag?post=12511"}],"curies":[{"name":"wp","href":"https:\/\/api.w.org\/{rel}","templated":true}]}}