{"id":12491,"date":"2019-12-02T07:54:30","date_gmt":"2019-12-02T07:54:30","guid":{"rendered":"http:\/\/profiparts.onderhoudwebsite.nl\/product\/gummi-milchschlauch-o24xo375-mm-weisen-streifen\/"},"modified":"2019-12-02T07:54:31","modified_gmt":"2019-12-02T07:54:31","slug":"gummi-milchschlauch-o24xo375-mm-weisen-streifen","status":"publish","type":"product","link":"https:\/\/www.profiparts.nl\/de\/produkt\/gummi-milchschlauch-o24xo375-mm-weisen-streifen\/","title":{"rendered":"Gummi Milchschlauch, \u00d824x\u00d837,5 mm, wei\u00dfen Streifen"},"content":{"rendered":"<p>Gummi Milchschlauch, \u00d824x\u00d837,5 mm, wei\u00dfen Streifen<\/p>\n","protected":false},"excerpt":{"rendered":"<p>25 Mtr.<\/p>\n","protected":false},"featured_media":3217,"template":"","meta":[],"product_brand":[],"product_cat":[81,89],"product_tag":[],"class_list":{"0":"post-12491","1":"product","2":"type-product","3":"status-publish","4":"has-post-thumbnail","6":"product_cat-produkte","7":"product_cat-schlauche-und-zubehor","9":"first","10":"instock","11":"purchasable","12":"product-type-simple"},"_links":{"self":[{"href":"https:\/\/www.profiparts.nl\/de\/wp-json\/wp\/v2\/product\/12491","targetHints":{"allow":["GET"]}}],"collection":[{"href":"https:\/\/www.profiparts.nl\/de\/wp-json\/wp\/v2\/product"}],"about":[{"href":"https:\/\/www.profiparts.nl\/de\/wp-json\/wp\/v2\/types\/product"}],"wp:featuredmedia":[{"embeddable":true,"href":"https:\/\/www.profiparts.nl\/de\/wp-json\/wp\/v2\/media\/3217"}],"wp:attachment":[{"href":"https:\/\/www.profiparts.nl\/de\/wp-json\/wp\/v2\/media?parent=12491"}],"wp:term":[{"taxonomy":"product_brand","embeddable":true,"href":"https:\/\/www.profiparts.nl\/de\/wp-json\/wp\/v2\/product_brand?post=12491"},{"taxonomy":"product_cat","embeddable":true,"href":"https:\/\/www.profiparts.nl\/de\/wp-json\/wp\/v2\/product_cat?post=12491"},{"taxonomy":"product_tag","embeddable":true,"href":"https:\/\/www.profiparts.nl\/de\/wp-json\/wp\/v2\/product_tag?post=12491"}],"curies":[{"name":"wp","href":"https:\/\/api.w.org\/{rel}","templated":true}]}}