{"id":12454,"date":"2019-12-02T07:53:46","date_gmt":"2019-12-02T07:53:46","guid":{"rendered":"http:\/\/profiparts.onderhoudwebsite.nl\/product\/pvc-luftschlauch-o7xo13-mm-blaue-streifen\/"},"modified":"2019-12-02T07:53:48","modified_gmt":"2019-12-02T07:53:48","slug":"pvc-luftschlauch-o7xo13-mm-blaue-streifen","status":"publish","type":"product","link":"https:\/\/www.profiparts.nl\/de\/produkt\/pvc-luftschlauch-o7xo13-mm-blaue-streifen\/","title":{"rendered":"PVC Luftschlauch, \u00d87x\u00d813 mm, blaue Streifen"},"content":{"rendered":"<p>PVC Luftschlauch, \u00d87x\u00d813 mm, blaue Streifen<\/p>\n","protected":false},"excerpt":{"rendered":"<p>25 Mtr.<\/p>\n","protected":false},"featured_media":3283,"template":"","meta":[],"product_brand":[],"product_cat":[81,89],"product_tag":[],"class_list":{"0":"post-12454","1":"product","2":"type-product","3":"status-publish","4":"has-post-thumbnail","6":"product_cat-produkte","7":"product_cat-schlauche-und-zubehor","9":"first","10":"instock","11":"purchasable","12":"product-type-simple"},"_links":{"self":[{"href":"https:\/\/www.profiparts.nl\/de\/wp-json\/wp\/v2\/product\/12454","targetHints":{"allow":["GET"]}}],"collection":[{"href":"https:\/\/www.profiparts.nl\/de\/wp-json\/wp\/v2\/product"}],"about":[{"href":"https:\/\/www.profiparts.nl\/de\/wp-json\/wp\/v2\/types\/product"}],"wp:featuredmedia":[{"embeddable":true,"href":"https:\/\/www.profiparts.nl\/de\/wp-json\/wp\/v2\/media\/3283"}],"wp:attachment":[{"href":"https:\/\/www.profiparts.nl\/de\/wp-json\/wp\/v2\/media?parent=12454"}],"wp:term":[{"taxonomy":"product_brand","embeddable":true,"href":"https:\/\/www.profiparts.nl\/de\/wp-json\/wp\/v2\/product_brand?post=12454"},{"taxonomy":"product_cat","embeddable":true,"href":"https:\/\/www.profiparts.nl\/de\/wp-json\/wp\/v2\/product_cat?post=12454"},{"taxonomy":"product_tag","embeddable":true,"href":"https:\/\/www.profiparts.nl\/de\/wp-json\/wp\/v2\/product_tag?post=12454"}],"curies":[{"name":"wp","href":"https:\/\/api.w.org\/{rel}","templated":true}]}}