{"id":12435,"date":"2019-12-02T07:53:26","date_gmt":"2019-12-02T07:53:26","guid":{"rendered":"http:\/\/profiparts.onderhoudwebsite.nl\/product\/kurzer-pulsschlauch-o6xo13x220-mm\/"},"modified":"2019-12-02T07:53:32","modified_gmt":"2019-12-02T07:53:32","slug":"kurzer-pulsschlauch-o6xo13x220-mm","status":"publish","type":"product","link":"https:\/\/www.profiparts.nl\/de\/produkt\/kurzer-pulsschlauch-o6xo13x220-mm\/","title":{"rendered":"Kurzer Pulsschlauch \u00d86x\u00d813&#215;220 mm"},"content":{"rendered":"<p>Kurzer Pulsschlauch \u00d86x\u00d813&#215;220 mm<\/p>\n","protected":false},"excerpt":{"rendered":"<p>pass. Gascoigne Melotte<\/p>\n","protected":false},"featured_media":3247,"template":"","meta":[],"product_brand":[],"product_cat":[81,89],"product_tag":[],"class_list":{"0":"post-12435","1":"product","2":"type-product","3":"status-publish","4":"has-post-thumbnail","6":"product_cat-produkte","7":"product_cat-schlauche-und-zubehor","8":"pa_farbe-grun","9":"pa_farbe-orange","10":"pa_farbe-schwarz","12":"first","13":"instock","14":"purchasable","15":"product-type-variable"},"_links":{"self":[{"href":"https:\/\/www.profiparts.nl\/de\/wp-json\/wp\/v2\/product\/12435","targetHints":{"allow":["GET"]}}],"collection":[{"href":"https:\/\/www.profiparts.nl\/de\/wp-json\/wp\/v2\/product"}],"about":[{"href":"https:\/\/www.profiparts.nl\/de\/wp-json\/wp\/v2\/types\/product"}],"wp:featuredmedia":[{"embeddable":true,"href":"https:\/\/www.profiparts.nl\/de\/wp-json\/wp\/v2\/media\/3247"}],"wp:attachment":[{"href":"https:\/\/www.profiparts.nl\/de\/wp-json\/wp\/v2\/media?parent=12435"}],"wp:term":[{"taxonomy":"product_brand","embeddable":true,"href":"https:\/\/www.profiparts.nl\/de\/wp-json\/wp\/v2\/product_brand?post=12435"},{"taxonomy":"product_cat","embeddable":true,"href":"https:\/\/www.profiparts.nl\/de\/wp-json\/wp\/v2\/product_cat?post=12435"},{"taxonomy":"product_tag","embeddable":true,"href":"https:\/\/www.profiparts.nl\/de\/wp-json\/wp\/v2\/product_tag?post=12435"}],"curies":[{"name":"wp","href":"https:\/\/api.w.org\/{rel}","templated":true}]}}