{"id":12328,"date":"2019-12-02T07:51:28","date_gmt":"2019-12-02T07:51:28","guid":{"rendered":"http:\/\/profiparts.onderhoudwebsite.nl\/product\/o-ring-gros-o113-mm-korr-westfalia-magnum-0007-3197-700\/"},"modified":"2019-12-02T07:51:30","modified_gmt":"2019-12-02T07:51:30","slug":"o-ring-gros-o113-mm-korr-westfalia-magnum-0007-3197-700","status":"publish","type":"product","link":"https:\/\/www.profiparts.nl\/de\/produkt\/o-ring-gros-o113-mm-korr-westfalia-magnum-0007-3197-700\/","title":{"rendered":"O-ring, gro\u00df, \u00d8113 mm korr. Westfalia Magnum 0007-3197-700"},"content":{"rendered":"<p>O-ring, gro\u00df, \u00d8113 mm korr. Westfalia Magnum 0007-3197-700<\/p>\n","protected":false},"excerpt":{"rendered":"<p>O-ring, gro\u00df, \u00d8113 mm korr. Westfalia Magnum 0007-3197-700<\/p>\n","protected":false},"featured_media":3505,"template":"","meta":[],"product_brand":[],"product_cat":[224,213,88,81],"product_tag":[],"class_list":{"0":"post-12328","1":"product","2":"type-product","3":"status-publish","4":"has-post-thumbnail","6":"product_cat-korr-westfalia","7":"product_cat-markenubersicht","8":"product_cat-melkzeuge-und-zubehor","9":"product_cat-produkte","11":"first","12":"instock","13":"purchasable","14":"product-type-simple"},"_links":{"self":[{"href":"https:\/\/www.profiparts.nl\/de\/wp-json\/wp\/v2\/product\/12328","targetHints":{"allow":["GET"]}}],"collection":[{"href":"https:\/\/www.profiparts.nl\/de\/wp-json\/wp\/v2\/product"}],"about":[{"href":"https:\/\/www.profiparts.nl\/de\/wp-json\/wp\/v2\/types\/product"}],"wp:featuredmedia":[{"embeddable":true,"href":"https:\/\/www.profiparts.nl\/de\/wp-json\/wp\/v2\/media\/3505"}],"wp:attachment":[{"href":"https:\/\/www.profiparts.nl\/de\/wp-json\/wp\/v2\/media?parent=12328"}],"wp:term":[{"taxonomy":"product_brand","embeddable":true,"href":"https:\/\/www.profiparts.nl\/de\/wp-json\/wp\/v2\/product_brand?post=12328"},{"taxonomy":"product_cat","embeddable":true,"href":"https:\/\/www.profiparts.nl\/de\/wp-json\/wp\/v2\/product_cat?post=12328"},{"taxonomy":"product_tag","embeddable":true,"href":"https:\/\/www.profiparts.nl\/de\/wp-json\/wp\/v2\/product_tag?post=12328"}],"curies":[{"name":"wp","href":"https:\/\/api.w.org\/{rel}","templated":true}]}}