{"id":12303,"date":"2019-12-02T07:50:59","date_gmt":"2019-12-02T07:50:59","guid":{"rendered":"http:\/\/profiparts.onderhoudwebsite.nl\/product\/kunststoff-sammelstuck-340-cc-orbiter-o16-mm-einlauf\/"},"modified":"2019-12-02T07:51:03","modified_gmt":"2019-12-02T07:51:03","slug":"kunststoff-sammelstuck-340-cc-orbiter-o16-mm-einlauf","status":"publish","type":"product","link":"https:\/\/www.profiparts.nl\/de\/produkt\/kunststoff-sammelstuck-340-cc-orbiter-o16-mm-einlauf\/","title":{"rendered":"Kunststoff Sammelst\u00fcck 340 cc Orbiter, \u00d816 mm Einlauf"},"content":{"rendered":"<p>Kunststoff Sammelst\u00fcck 340 cc Orbiter, \u00d816 mm Einlauf<\/p>\n","protected":false},"excerpt":{"rendered":"<p>Kunststoff Sammelst\u00fcck 340 cc Orbiter, \u00d816 mm Einlauf<\/p>\n","protected":false},"featured_media":3841,"template":"","meta":[],"product_brand":[],"product_cat":[88,81],"product_tag":[],"class_list":{"0":"post-12303","1":"product","2":"type-product","3":"status-publish","4":"has-post-thumbnail","6":"product_cat-melkzeuge-und-zubehor","7":"product_cat-produkte","8":"pa_typ-links-rechts","9":"pa_typ-vorne-hinten","11":"first","12":"instock","13":"purchasable","14":"product-type-variable"},"_links":{"self":[{"href":"https:\/\/www.profiparts.nl\/de\/wp-json\/wp\/v2\/product\/12303","targetHints":{"allow":["GET"]}}],"collection":[{"href":"https:\/\/www.profiparts.nl\/de\/wp-json\/wp\/v2\/product"}],"about":[{"href":"https:\/\/www.profiparts.nl\/de\/wp-json\/wp\/v2\/types\/product"}],"wp:featuredmedia":[{"embeddable":true,"href":"https:\/\/www.profiparts.nl\/de\/wp-json\/wp\/v2\/media\/3841"}],"wp:attachment":[{"href":"https:\/\/www.profiparts.nl\/de\/wp-json\/wp\/v2\/media?parent=12303"}],"wp:term":[{"taxonomy":"product_brand","embeddable":true,"href":"https:\/\/www.profiparts.nl\/de\/wp-json\/wp\/v2\/product_brand?post=12303"},{"taxonomy":"product_cat","embeddable":true,"href":"https:\/\/www.profiparts.nl\/de\/wp-json\/wp\/v2\/product_cat?post=12303"},{"taxonomy":"product_tag","embeddable":true,"href":"https:\/\/www.profiparts.nl\/de\/wp-json\/wp\/v2\/product_tag?post=12303"}],"curies":[{"name":"wp","href":"https:\/\/api.w.org\/{rel}","templated":true}]}}