{"id":12172,"date":"2019-12-02T07:48:02","date_gmt":"2019-12-02T07:48:02","guid":{"rendered":"http:\/\/profiparts.onderhoudwebsite.nl\/product\/edelstahl-spruhfeder-fur-deckel-endeinheit\/"},"modified":"2019-12-02T07:48:04","modified_gmt":"2019-12-02T07:48:04","slug":"edelstahl-spruhfeder-fur-deckel-endeinheit","status":"publish","type":"product","link":"https:\/\/www.profiparts.nl\/de\/produkt\/edelstahl-spruhfeder-fur-deckel-endeinheit\/","title":{"rendered":"Edelstahl Spr\u00fchfeder f\u00fcr Deckel Endeinheit"},"content":{"rendered":"<p>Edelstahl Spr\u00fchfeder f\u00fcr Deckel Endeinheit<\/p>\n","protected":false},"excerpt":{"rendered":"<p>Edelstahl Spr\u00fchfeder f\u00fcr Deckel Endeinheit<\/p>\n","protected":false},"featured_media":3046,"template":"","meta":[],"product_brand":[],"product_cat":[87,81],"product_tag":[],"class_list":{"0":"post-12172","1":"product","2":"type-product","3":"status-publish","4":"has-post-thumbnail","6":"product_cat-ersatzteile-fur-milchbehalter-und-milchmessgeraete","7":"product_cat-produkte","9":"first","10":"instock","11":"purchasable","12":"product-type-simple"},"_links":{"self":[{"href":"https:\/\/www.profiparts.nl\/de\/wp-json\/wp\/v2\/product\/12172","targetHints":{"allow":["GET"]}}],"collection":[{"href":"https:\/\/www.profiparts.nl\/de\/wp-json\/wp\/v2\/product"}],"about":[{"href":"https:\/\/www.profiparts.nl\/de\/wp-json\/wp\/v2\/types\/product"}],"wp:featuredmedia":[{"embeddable":true,"href":"https:\/\/www.profiparts.nl\/de\/wp-json\/wp\/v2\/media\/3046"}],"wp:attachment":[{"href":"https:\/\/www.profiparts.nl\/de\/wp-json\/wp\/v2\/media?parent=12172"}],"wp:term":[{"taxonomy":"product_brand","embeddable":true,"href":"https:\/\/www.profiparts.nl\/de\/wp-json\/wp\/v2\/product_brand?post=12172"},{"taxonomy":"product_cat","embeddable":true,"href":"https:\/\/www.profiparts.nl\/de\/wp-json\/wp\/v2\/product_cat?post=12172"},{"taxonomy":"product_tag","embeddable":true,"href":"https:\/\/www.profiparts.nl\/de\/wp-json\/wp\/v2\/product_tag?post=12172"}],"curies":[{"name":"wp","href":"https:\/\/api.w.org\/{rel}","templated":true}]}}