{"id":12162,"date":"2019-12-02T07:47:51","date_gmt":"2019-12-02T07:47:51","guid":{"rendered":"http:\/\/profiparts.onderhoudwebsite.nl\/product\/ballventil-o80-mm-fur-sicherheitsabscheider\/"},"modified":"2019-12-02T07:47:52","modified_gmt":"2019-12-02T07:47:52","slug":"ballventil-o80-mm-fur-sicherheitsabscheider","status":"publish","type":"product","link":"https:\/\/www.profiparts.nl\/de\/produkt\/ballventil-o80-mm-fur-sicherheitsabscheider\/","title":{"rendered":"Ballventil \u00d880 mm f\u00fcr Sicherheitsabscheider"},"content":{"rendered":"<p>Ballventil \u00d880 mm f\u00fcr Sicherheitsabscheider<\/p>\n","protected":false},"excerpt":{"rendered":"<p>Ballventil \u00d880 mm f\u00fcr Sicherheitsabscheider<\/p>\n","protected":false},"featured_media":3058,"template":"","meta":[],"product_brand":[],"product_cat":[87,81],"product_tag":[],"class_list":{"0":"post-12162","1":"product","2":"type-product","3":"status-publish","4":"has-post-thumbnail","6":"product_cat-ersatzteile-fur-milchbehalter-und-milchmessgeraete","7":"product_cat-produkte","9":"first","10":"outofstock","11":"product-type-simple"},"_links":{"self":[{"href":"https:\/\/www.profiparts.nl\/de\/wp-json\/wp\/v2\/product\/12162","targetHints":{"allow":["GET"]}}],"collection":[{"href":"https:\/\/www.profiparts.nl\/de\/wp-json\/wp\/v2\/product"}],"about":[{"href":"https:\/\/www.profiparts.nl\/de\/wp-json\/wp\/v2\/types\/product"}],"wp:featuredmedia":[{"embeddable":true,"href":"https:\/\/www.profiparts.nl\/de\/wp-json\/wp\/v2\/media\/3058"}],"wp:attachment":[{"href":"https:\/\/www.profiparts.nl\/de\/wp-json\/wp\/v2\/media?parent=12162"}],"wp:term":[{"taxonomy":"product_brand","embeddable":true,"href":"https:\/\/www.profiparts.nl\/de\/wp-json\/wp\/v2\/product_brand?post=12162"},{"taxonomy":"product_cat","embeddable":true,"href":"https:\/\/www.profiparts.nl\/de\/wp-json\/wp\/v2\/product_cat?post=12162"},{"taxonomy":"product_tag","embeddable":true,"href":"https:\/\/www.profiparts.nl\/de\/wp-json\/wp\/v2\/product_tag?post=12162"}],"curies":[{"name":"wp","href":"https:\/\/api.w.org\/{rel}","templated":true}]}}