{"id":12140,"date":"2019-12-02T07:47:26","date_gmt":"2019-12-02T07:47:26","guid":{"rendered":"http:\/\/profiparts.onderhoudwebsite.nl\/product\/gehause-fur-sicherheitsabscheider-korr-delaval-995-762-01\/"},"modified":"2019-12-02T07:47:27","modified_gmt":"2019-12-02T07:47:27","slug":"gehause-fur-sicherheitsabscheider-korr-delaval-995-762-01","status":"publish","type":"product","link":"https:\/\/www.profiparts.nl\/de\/produkt\/gehause-fur-sicherheitsabscheider-korr-delaval-995-762-01\/","title":{"rendered":"Geh\u00e4use f\u00fcr Sicherheitsabscheider korr. DeLaval 995.762-01"},"content":{"rendered":"<p>Geh\u00e4use f\u00fcr Sicherheitsabscheider korr. DeLaval 995.762-01<\/p>\n","protected":false},"excerpt":{"rendered":"<p>Geh\u00e4use f\u00fcr Sicherheitsabscheider korr. DeLaval 995.762-01<\/p>\n","protected":false},"featured_media":2971,"template":"","meta":[],"product_brand":[],"product_cat":[87,216,213,225,81],"product_tag":[],"class_list":{"0":"post-12140","1":"product","2":"type-product","3":"status-publish","4":"has-post-thumbnail","6":"product_cat-ersatzteile-fur-milchbehalter-und-milchmessgeraete","7":"product_cat-korr-delaval","8":"product_cat-markenubersicht","9":"product_cat-neu","10":"product_cat-produkte","12":"first","13":"instock","14":"purchasable","15":"product-type-simple"},"_links":{"self":[{"href":"https:\/\/www.profiparts.nl\/de\/wp-json\/wp\/v2\/product\/12140","targetHints":{"allow":["GET"]}}],"collection":[{"href":"https:\/\/www.profiparts.nl\/de\/wp-json\/wp\/v2\/product"}],"about":[{"href":"https:\/\/www.profiparts.nl\/de\/wp-json\/wp\/v2\/types\/product"}],"wp:featuredmedia":[{"embeddable":true,"href":"https:\/\/www.profiparts.nl\/de\/wp-json\/wp\/v2\/media\/2971"}],"wp:attachment":[{"href":"https:\/\/www.profiparts.nl\/de\/wp-json\/wp\/v2\/media?parent=12140"}],"wp:term":[{"taxonomy":"product_brand","embeddable":true,"href":"https:\/\/www.profiparts.nl\/de\/wp-json\/wp\/v2\/product_brand?post=12140"},{"taxonomy":"product_cat","embeddable":true,"href":"https:\/\/www.profiparts.nl\/de\/wp-json\/wp\/v2\/product_cat?post=12140"},{"taxonomy":"product_tag","embeddable":true,"href":"https:\/\/www.profiparts.nl\/de\/wp-json\/wp\/v2\/product_tag?post=12140"}],"curies":[{"name":"wp","href":"https:\/\/api.w.org\/{rel}","templated":true}]}}