{"id":12136,"date":"2019-12-02T07:47:19","date_gmt":"2019-12-02T07:47:19","guid":{"rendered":"http:\/\/profiparts.onderhoudwebsite.nl\/product\/gummi-einlaufbogen-rohr-o-50-mm-loch-im-glass-o-60-mm\/"},"modified":"2019-12-02T07:47:23","modified_gmt":"2019-12-02T07:47:23","slug":"gummi-einlaufbogen-rohr-o-50-mm-loch-im-glass-o-60-mm","status":"publish","type":"product","link":"https:\/\/www.profiparts.nl\/de\/produkt\/gummi-einlaufbogen-rohr-o-50-mm-loch-im-glass-o-60-mm\/","title":{"rendered":"Gummi Einlaufbogen Rohr \u00d8 50 mm, Loch im Glass \u00d8 60 mm"},"content":{"rendered":"<p>Gummi Einlaufbogen Rohr \u00d8 50 mm, Loch im Glass \u00d8 60 mm<\/p>\n","protected":false},"excerpt":{"rendered":"<p>Gummi Einlaufbogen Rohr \u00d8 50 mm, Loch im Glass \u00d8 60 mm<\/p>\n","protected":false},"featured_media":17948,"template":"","meta":[],"product_brand":[],"product_cat":[87,81],"product_tag":[],"class_list":{"0":"post-12136","1":"product","2":"type-product","3":"status-publish","4":"has-post-thumbnail","6":"product_cat-ersatzteile-fur-milchbehalter-und-milchmessgeraete","7":"product_cat-produkte","9":"first","10":"instock","11":"purchasable","12":"product-type-simple"},"_links":{"self":[{"href":"https:\/\/www.profiparts.nl\/de\/wp-json\/wp\/v2\/product\/12136","targetHints":{"allow":["GET"]}}],"collection":[{"href":"https:\/\/www.profiparts.nl\/de\/wp-json\/wp\/v2\/product"}],"about":[{"href":"https:\/\/www.profiparts.nl\/de\/wp-json\/wp\/v2\/types\/product"}],"wp:featuredmedia":[{"embeddable":true,"href":"https:\/\/www.profiparts.nl\/de\/wp-json\/wp\/v2\/media\/17948"}],"wp:attachment":[{"href":"https:\/\/www.profiparts.nl\/de\/wp-json\/wp\/v2\/media?parent=12136"}],"wp:term":[{"taxonomy":"product_brand","embeddable":true,"href":"https:\/\/www.profiparts.nl\/de\/wp-json\/wp\/v2\/product_brand?post=12136"},{"taxonomy":"product_cat","embeddable":true,"href":"https:\/\/www.profiparts.nl\/de\/wp-json\/wp\/v2\/product_cat?post=12136"},{"taxonomy":"product_tag","embeddable":true,"href":"https:\/\/www.profiparts.nl\/de\/wp-json\/wp\/v2\/product_tag?post=12136"}],"curies":[{"name":"wp","href":"https:\/\/api.w.org\/{rel}","templated":true}]}}