{"id":12132,"date":"2019-12-02T07:47:17","date_gmt":"2019-12-02T07:47:17","guid":{"rendered":"http:\/\/profiparts.onderhoudwebsite.nl\/product\/ventilkugel-o22-mm-fur-adapter\/"},"modified":"2019-12-02T07:47:18","modified_gmt":"2019-12-02T07:47:18","slug":"ventilkugel-o22-mm-fur-adapter","status":"publish","type":"product","link":"https:\/\/www.profiparts.nl\/de\/produkt\/ventilkugel-o22-mm-fur-adapter\/","title":{"rendered":"Ventilkugel \u00d822 mm f\u00fcr Adapter"},"content":{"rendered":"<p>Ventilkugel \u00d822 mm f\u00fcr Adapter<\/p>\n","protected":false},"excerpt":{"rendered":"<p>Ventilkugel \u00d822 mm f\u00fcr Adapter<\/p>\n","protected":false},"featured_media":15313,"template":"","meta":[],"product_brand":[],"product_cat":[87,81],"product_tag":[],"class_list":{"0":"post-12132","1":"product","2":"type-product","3":"status-publish","4":"has-post-thumbnail","6":"product_cat-ersatzteile-fur-milchbehalter-und-milchmessgeraete","7":"product_cat-produkte","9":"first","10":"instock","11":"purchasable","12":"product-type-simple"},"_links":{"self":[{"href":"https:\/\/www.profiparts.nl\/de\/wp-json\/wp\/v2\/product\/12132","targetHints":{"allow":["GET"]}}],"collection":[{"href":"https:\/\/www.profiparts.nl\/de\/wp-json\/wp\/v2\/product"}],"about":[{"href":"https:\/\/www.profiparts.nl\/de\/wp-json\/wp\/v2\/types\/product"}],"wp:featuredmedia":[{"embeddable":true,"href":"https:\/\/www.profiparts.nl\/de\/wp-json\/wp\/v2\/media\/15313"}],"wp:attachment":[{"href":"https:\/\/www.profiparts.nl\/de\/wp-json\/wp\/v2\/media?parent=12132"}],"wp:term":[{"taxonomy":"product_brand","embeddable":true,"href":"https:\/\/www.profiparts.nl\/de\/wp-json\/wp\/v2\/product_brand?post=12132"},{"taxonomy":"product_cat","embeddable":true,"href":"https:\/\/www.profiparts.nl\/de\/wp-json\/wp\/v2\/product_cat?post=12132"},{"taxonomy":"product_tag","embeddable":true,"href":"https:\/\/www.profiparts.nl\/de\/wp-json\/wp\/v2\/product_tag?post=12132"}],"curies":[{"name":"wp","href":"https:\/\/api.w.org\/{rel}","templated":true}]}}