{"id":12116,"date":"2023-06-16T13:00:32","date_gmt":"2023-06-16T13:00:32","guid":{"rendered":"http:\/\/profiparts.onderhoudwebsite.nl\/product\/adapter-fur-milchmessbehalter-gerade\/"},"modified":"2023-06-16T13:00:37","modified_gmt":"2023-06-16T13:00:37","slug":"adapter-fuer-milchmessbehaelter-gerade","status":"publish","type":"product","link":"https:\/\/www.profiparts.nl\/de\/produkt\/adapter-fuer-milchmessbehaelter-gerade\/","title":{"rendered":"Adapter f\u00fcr Milchmessbeh\u00e4lter, gerade"},"content":{"rendered":"<p>Adapter f\u00fcr Milchmessbeh\u00e4lter, gerade<\/p>\n","protected":false},"excerpt":{"rendered":"<p>Adapter f\u00fcr Milchmessbeh\u00e4lter, gerade<\/p>\n","protected":false},"featured_media":3340,"template":"","meta":[],"product_brand":[],"product_cat":[87,81],"product_tag":[],"class_list":{"0":"post-12116","1":"product","2":"type-product","3":"status-publish","4":"has-post-thumbnail","6":"product_cat-ersatzteile-fur-milchbehalter-und-milchmessgeraete","7":"product_cat-produkte","8":"pa_typ-o32-16-16-mm-mit-loch-pass-miele","9":"pa_typ-o38-16-16-mm-mit-loch-pass-miele","10":"pa_typ-o38-16-16-mm-ohne-loch-pass-surge","12":"first","13":"instock","14":"purchasable","15":"product-type-variable"},"_links":{"self":[{"href":"https:\/\/www.profiparts.nl\/de\/wp-json\/wp\/v2\/product\/12116","targetHints":{"allow":["GET"]}}],"collection":[{"href":"https:\/\/www.profiparts.nl\/de\/wp-json\/wp\/v2\/product"}],"about":[{"href":"https:\/\/www.profiparts.nl\/de\/wp-json\/wp\/v2\/types\/product"}],"wp:featuredmedia":[{"embeddable":true,"href":"https:\/\/www.profiparts.nl\/de\/wp-json\/wp\/v2\/media\/3340"}],"wp:attachment":[{"href":"https:\/\/www.profiparts.nl\/de\/wp-json\/wp\/v2\/media?parent=12116"}],"wp:term":[{"taxonomy":"product_brand","embeddable":true,"href":"https:\/\/www.profiparts.nl\/de\/wp-json\/wp\/v2\/product_brand?post=12116"},{"taxonomy":"product_cat","embeddable":true,"href":"https:\/\/www.profiparts.nl\/de\/wp-json\/wp\/v2\/product_cat?post=12116"},{"taxonomy":"product_tag","embeddable":true,"href":"https:\/\/www.profiparts.nl\/de\/wp-json\/wp\/v2\/product_tag?post=12116"}],"curies":[{"name":"wp","href":"https:\/\/api.w.org\/{rel}","templated":true}]}}