{"id":12114,"date":"2019-12-02T07:46:56","date_gmt":"2019-12-02T07:46:56","guid":{"rendered":"http:\/\/profiparts.onderhoudwebsite.nl\/product\/spule-fur-afikim-milchmessgerat\/"},"modified":"2019-12-02T07:46:57","modified_gmt":"2019-12-02T07:46:57","slug":"spule-fur-afikim-milchmessgerat","status":"publish","type":"product","link":"https:\/\/www.profiparts.nl\/de\/produkt\/spule-fur-afikim-milchmessgerat\/","title":{"rendered":"Sp\u00fcle f\u00fcr Afikim Milchmessger\u00e4t"},"content":{"rendered":"<p>Sp\u00fcle f\u00fcr Afikim Milchmessger\u00e4t<\/p>\n","protected":false},"excerpt":{"rendered":"<p>Sp\u00fcle f\u00fcr Afikim Milchmessger\u00e4t<\/p>\n","protected":false},"featured_media":574,"template":"","meta":[],"product_brand":[],"product_cat":[87,225,81],"product_tag":[],"class_list":{"0":"post-12114","1":"product","2":"type-product","3":"status-publish","4":"has-post-thumbnail","6":"product_cat-ersatzteile-fur-milchbehalter-und-milchmessgeraete","7":"product_cat-neu","8":"product_cat-produkte","10":"first","11":"instock","12":"purchasable","13":"product-type-simple"},"_links":{"self":[{"href":"https:\/\/www.profiparts.nl\/de\/wp-json\/wp\/v2\/product\/12114","targetHints":{"allow":["GET"]}}],"collection":[{"href":"https:\/\/www.profiparts.nl\/de\/wp-json\/wp\/v2\/product"}],"about":[{"href":"https:\/\/www.profiparts.nl\/de\/wp-json\/wp\/v2\/types\/product"}],"wp:featuredmedia":[{"embeddable":true,"href":"https:\/\/www.profiparts.nl\/de\/wp-json\/wp\/v2\/media\/574"}],"wp:attachment":[{"href":"https:\/\/www.profiparts.nl\/de\/wp-json\/wp\/v2\/media?parent=12114"}],"wp:term":[{"taxonomy":"product_brand","embeddable":true,"href":"https:\/\/www.profiparts.nl\/de\/wp-json\/wp\/v2\/product_brand?post=12114"},{"taxonomy":"product_cat","embeddable":true,"href":"https:\/\/www.profiparts.nl\/de\/wp-json\/wp\/v2\/product_cat?post=12114"},{"taxonomy":"product_tag","embeddable":true,"href":"https:\/\/www.profiparts.nl\/de\/wp-json\/wp\/v2\/product_tag?post=12114"}],"curies":[{"name":"wp","href":"https:\/\/api.w.org\/{rel}","templated":true}]}}