{"id":12111,"date":"2019-12-02T07:46:53","date_gmt":"2019-12-02T07:46:53","guid":{"rendered":"http:\/\/profiparts.onderhoudwebsite.nl\/product\/winkelschlauch-o17-mm-fur-afikim-milchmessgerat\/"},"modified":"2019-12-02T07:46:55","modified_gmt":"2019-12-02T07:46:55","slug":"winkelschlauch-o17-mm-fur-afikim-milchmessgerat","status":"publish","type":"product","link":"https:\/\/www.profiparts.nl\/de\/produkt\/winkelschlauch-o17-mm-fur-afikim-milchmessgerat\/","title":{"rendered":"Winkelschlauch \u00d817 mm f\u00fcr Afikim Milchmessger\u00e4t"},"content":{"rendered":"<p>Winkelschlauch \u00d817 mm f\u00fcr Afikim Milchmessger\u00e4t<\/p>\n","protected":false},"excerpt":{"rendered":"<p>Winkelschlauch \u00d817 mm f\u00fcr Afikim Milchmessger\u00e4t<\/p>\n","protected":false},"featured_media":6787,"template":"","meta":[],"product_brand":[],"product_cat":[87,81],"product_tag":[],"class_list":{"0":"post-12111","1":"product","2":"type-product","3":"status-publish","4":"has-post-thumbnail","6":"product_cat-ersatzteile-fur-milchbehalter-und-milchmessgeraete","7":"product_cat-produkte","9":"first","10":"instock","11":"purchasable","12":"product-type-simple"},"_links":{"self":[{"href":"https:\/\/www.profiparts.nl\/de\/wp-json\/wp\/v2\/product\/12111","targetHints":{"allow":["GET"]}}],"collection":[{"href":"https:\/\/www.profiparts.nl\/de\/wp-json\/wp\/v2\/product"}],"about":[{"href":"https:\/\/www.profiparts.nl\/de\/wp-json\/wp\/v2\/types\/product"}],"wp:featuredmedia":[{"embeddable":true,"href":"https:\/\/www.profiparts.nl\/de\/wp-json\/wp\/v2\/media\/6787"}],"wp:attachment":[{"href":"https:\/\/www.profiparts.nl\/de\/wp-json\/wp\/v2\/media?parent=12111"}],"wp:term":[{"taxonomy":"product_brand","embeddable":true,"href":"https:\/\/www.profiparts.nl\/de\/wp-json\/wp\/v2\/product_brand?post=12111"},{"taxonomy":"product_cat","embeddable":true,"href":"https:\/\/www.profiparts.nl\/de\/wp-json\/wp\/v2\/product_cat?post=12111"},{"taxonomy":"product_tag","embeddable":true,"href":"https:\/\/www.profiparts.nl\/de\/wp-json\/wp\/v2\/product_tag?post=12111"}],"curies":[{"name":"wp","href":"https:\/\/api.w.org\/{rel}","templated":true}]}}