{"id":12108,"date":"2019-12-02T07:46:50","date_gmt":"2019-12-02T07:46:50","guid":{"rendered":"http:\/\/profiparts.onderhoudwebsite.nl\/product\/service-kit-fur-afikim-milchmessgerat-3-teilig-2\/"},"modified":"2019-12-02T07:46:52","modified_gmt":"2019-12-02T07:46:52","slug":"service-kit-fur-afikim-milchmessgerat-3-teilig-2","status":"publish","type":"product","link":"https:\/\/www.profiparts.nl\/de\/produkt\/service-kit-fur-afikim-milchmessgerat-3-teilig-2\/","title":{"rendered":"Service kit f\u00fcr Afikim Milchmessger\u00e4t (3-teilig)"},"content":{"rendered":"<p>Service kit f\u00fcr Afikim Milchmessger\u00e4t (3-teilig)<\/p>\n","protected":false},"excerpt":{"rendered":"<p>2x Membrane, 1x Dichtung<\/p>\n","protected":false},"featured_media":6777,"template":"","meta":[],"product_brand":[],"product_cat":[87,81],"product_tag":[],"class_list":{"0":"post-12108","1":"product","2":"type-product","3":"status-publish","4":"has-post-thumbnail","6":"product_cat-ersatzteile-fur-milchbehalter-und-milchmessgeraete","7":"product_cat-produkte","9":"first","10":"instock","11":"purchasable","12":"product-type-simple"},"_links":{"self":[{"href":"https:\/\/www.profiparts.nl\/de\/wp-json\/wp\/v2\/product\/12108","targetHints":{"allow":["GET"]}}],"collection":[{"href":"https:\/\/www.profiparts.nl\/de\/wp-json\/wp\/v2\/product"}],"about":[{"href":"https:\/\/www.profiparts.nl\/de\/wp-json\/wp\/v2\/types\/product"}],"wp:featuredmedia":[{"embeddable":true,"href":"https:\/\/www.profiparts.nl\/de\/wp-json\/wp\/v2\/media\/6777"}],"wp:attachment":[{"href":"https:\/\/www.profiparts.nl\/de\/wp-json\/wp\/v2\/media?parent=12108"}],"wp:term":[{"taxonomy":"product_brand","embeddable":true,"href":"https:\/\/www.profiparts.nl\/de\/wp-json\/wp\/v2\/product_brand?post=12108"},{"taxonomy":"product_cat","embeddable":true,"href":"https:\/\/www.profiparts.nl\/de\/wp-json\/wp\/v2\/product_cat?post=12108"},{"taxonomy":"product_tag","embeddable":true,"href":"https:\/\/www.profiparts.nl\/de\/wp-json\/wp\/v2\/product_tag?post=12108"}],"curies":[{"name":"wp","href":"https:\/\/api.w.org\/{rel}","templated":true}]}}