{"id":12104,"date":"2019-12-02T07:46:47","date_gmt":"2019-12-02T07:46:47","guid":{"rendered":"http:\/\/profiparts.onderhoudwebsite.nl\/product\/auslauf-fur-milchbehalter-korr-westfalia-7009-2864-140\/"},"modified":"2019-12-02T07:46:48","modified_gmt":"2019-12-02T07:46:48","slug":"auslauf-fur-milchbehalter-korr-westfalia-7009-2864-140","status":"publish","type":"product","link":"https:\/\/www.profiparts.nl\/de\/produkt\/auslauf-fur-milchbehalter-korr-westfalia-7009-2864-140\/","title":{"rendered":"Auslauf f\u00fcr Milchbeh\u00e4lter korr. Westfalia 7009-2864-140"},"content":{"rendered":"<p>Auslauf f\u00fcr Milchbeh\u00e4lter korr. Westfalia 7009-2864-140<\/p>\n","protected":false},"excerpt":{"rendered":"<p>L\u00e4nge 300 mm<\/p>\n","protected":false},"featured_media":3349,"template":"","meta":[],"product_brand":[],"product_cat":[87,224,213,81],"product_tag":[],"class_list":{"0":"post-12104","1":"product","2":"type-product","3":"status-publish","4":"has-post-thumbnail","6":"product_cat-ersatzteile-fur-milchbehalter-und-milchmessgeraete","7":"product_cat-korr-westfalia","8":"product_cat-markenubersicht","9":"product_cat-produkte","11":"first","12":"instock","13":"purchasable","14":"product-type-simple"},"_links":{"self":[{"href":"https:\/\/www.profiparts.nl\/de\/wp-json\/wp\/v2\/product\/12104","targetHints":{"allow":["GET"]}}],"collection":[{"href":"https:\/\/www.profiparts.nl\/de\/wp-json\/wp\/v2\/product"}],"about":[{"href":"https:\/\/www.profiparts.nl\/de\/wp-json\/wp\/v2\/types\/product"}],"wp:featuredmedia":[{"embeddable":true,"href":"https:\/\/www.profiparts.nl\/de\/wp-json\/wp\/v2\/media\/3349"}],"wp:attachment":[{"href":"https:\/\/www.profiparts.nl\/de\/wp-json\/wp\/v2\/media?parent=12104"}],"wp:term":[{"taxonomy":"product_brand","embeddable":true,"href":"https:\/\/www.profiparts.nl\/de\/wp-json\/wp\/v2\/product_brand?post=12104"},{"taxonomy":"product_cat","embeddable":true,"href":"https:\/\/www.profiparts.nl\/de\/wp-json\/wp\/v2\/product_cat?post=12104"},{"taxonomy":"product_tag","embeddable":true,"href":"https:\/\/www.profiparts.nl\/de\/wp-json\/wp\/v2\/product_tag?post=12104"}],"curies":[{"name":"wp","href":"https:\/\/api.w.org\/{rel}","templated":true}]}}