{"id":12093,"date":"2019-12-02T07:46:33","date_gmt":"2019-12-02T07:46:33","guid":{"rendered":"http:\/\/profiparts.onderhoudwebsite.nl\/product\/service-kit-fur-milchmessgerat-korr-985-103-80-5-teilig\/"},"modified":"2019-12-02T07:46:37","modified_gmt":"2019-12-02T07:46:37","slug":"service-kit-fur-milchmessgerat-korr-985-103-80-5-teilig","status":"publish","type":"product","link":"https:\/\/www.profiparts.nl\/de\/produkt\/service-kit-fur-milchmessgerat-korr-985-103-80-5-teilig\/","title":{"rendered":"Service kit f\u00fcr Milchmessger\u00e4t korr. 985.103-80 (5-teilig)"},"content":{"rendered":"<p>Service kit f\u00fcr Milchmessger\u00e4t korr. 985.103-80 (5-teilig)<\/p>\n","protected":false},"excerpt":{"rendered":"<p>Service kit f\u00fcr Milchmessger\u00e4t korr. 985.103-80 (5-teilig)<\/p>\n","protected":false},"featured_media":2890,"template":"","meta":[],"product_brand":[],"product_cat":[87,216,213,81],"product_tag":[],"class_list":{"0":"post-12093","1":"product","2":"type-product","3":"status-publish","4":"has-post-thumbnail","6":"product_cat-ersatzteile-fur-milchbehalter-und-milchmessgeraete","7":"product_cat-korr-delaval","8":"product_cat-markenubersicht","9":"product_cat-produkte","11":"first","12":"instock","13":"purchasable","14":"product-type-simple"},"_links":{"self":[{"href":"https:\/\/www.profiparts.nl\/de\/wp-json\/wp\/v2\/product\/12093","targetHints":{"allow":["GET"]}}],"collection":[{"href":"https:\/\/www.profiparts.nl\/de\/wp-json\/wp\/v2\/product"}],"about":[{"href":"https:\/\/www.profiparts.nl\/de\/wp-json\/wp\/v2\/types\/product"}],"wp:featuredmedia":[{"embeddable":true,"href":"https:\/\/www.profiparts.nl\/de\/wp-json\/wp\/v2\/media\/2890"}],"wp:attachment":[{"href":"https:\/\/www.profiparts.nl\/de\/wp-json\/wp\/v2\/media?parent=12093"}],"wp:term":[{"taxonomy":"product_brand","embeddable":true,"href":"https:\/\/www.profiparts.nl\/de\/wp-json\/wp\/v2\/product_brand?post=12093"},{"taxonomy":"product_cat","embeddable":true,"href":"https:\/\/www.profiparts.nl\/de\/wp-json\/wp\/v2\/product_cat?post=12093"},{"taxonomy":"product_tag","embeddable":true,"href":"https:\/\/www.profiparts.nl\/de\/wp-json\/wp\/v2\/product_tag?post=12093"}],"curies":[{"name":"wp","href":"https:\/\/api.w.org\/{rel}","templated":true}]}}