{"id":11948,"date":"2019-11-29T15:09:33","date_gmt":"2019-11-29T15:09:33","guid":{"rendered":"http:\/\/profiparts.onderhoudwebsite.nl\/product\/gehauesedichtung-fuer-milchpumpe-korr-dairymaster-cp204\/"},"modified":"2019-11-29T15:09:44","modified_gmt":"2019-11-29T15:09:44","slug":"gehauesedichtung-fuer-milchpumpe-korr-dairymaster-cp204","status":"publish","type":"product","link":"https:\/\/www.profiparts.nl\/de\/produkt\/gehauesedichtung-fuer-milchpumpe-korr-dairymaster-cp204\/","title":{"rendered":"Geha\u00fcsedichtung f\u00fcr Milchpumpe korr. Dairymaster CP204"},"content":{"rendered":"<p>Geha\u00fcsedichtung f\u00fcr Milchpumpe korr. Dairymaster CP204<\/p>\n","protected":false},"excerpt":{"rendered":"<p>Geha\u00fcsedichtung f\u00fcr Milchpumpe korr. Dairymaster CP204<\/p>\n","protected":false},"featured_media":3565,"template":"","meta":[],"product_brand":[],"product_cat":[215,213,86,81],"product_tag":[],"class_list":{"0":"post-11948","1":"product","2":"type-product","3":"status-publish","4":"has-post-thumbnail","6":"product_cat-korr-dairymaster","7":"product_cat-markenubersicht","8":"product_cat-milchpumpen-und-ersatzteile","9":"product_cat-produkte","11":"first","12":"instock","13":"purchasable","14":"product-type-simple"},"_links":{"self":[{"href":"https:\/\/www.profiparts.nl\/de\/wp-json\/wp\/v2\/product\/11948","targetHints":{"allow":["GET"]}}],"collection":[{"href":"https:\/\/www.profiparts.nl\/de\/wp-json\/wp\/v2\/product"}],"about":[{"href":"https:\/\/www.profiparts.nl\/de\/wp-json\/wp\/v2\/types\/product"}],"wp:featuredmedia":[{"embeddable":true,"href":"https:\/\/www.profiparts.nl\/de\/wp-json\/wp\/v2\/media\/3565"}],"wp:attachment":[{"href":"https:\/\/www.profiparts.nl\/de\/wp-json\/wp\/v2\/media?parent=11948"}],"wp:term":[{"taxonomy":"product_brand","embeddable":true,"href":"https:\/\/www.profiparts.nl\/de\/wp-json\/wp\/v2\/product_brand?post=11948"},{"taxonomy":"product_cat","embeddable":true,"href":"https:\/\/www.profiparts.nl\/de\/wp-json\/wp\/v2\/product_cat?post=11948"},{"taxonomy":"product_tag","embeddable":true,"href":"https:\/\/www.profiparts.nl\/de\/wp-json\/wp\/v2\/product_tag?post=11948"}],"curies":[{"name":"wp","href":"https:\/\/api.w.org\/{rel}","templated":true}]}}