{"id":11931,"date":"2019-11-29T15:07:52","date_gmt":"2019-11-29T15:07:52","guid":{"rendered":"http:\/\/profiparts.onderhoudwebsite.nl\/product\/keramischer-ring-fuer-fluegelrad\/"},"modified":"2019-11-29T15:08:00","modified_gmt":"2019-11-29T15:08:00","slug":"keramischer-ring-fuer-fluegelrad","status":"publish","type":"product","link":"https:\/\/www.profiparts.nl\/de\/produkt\/keramischer-ring-fuer-fluegelrad\/","title":{"rendered":"Keramischer Ring f\u00fcr Fl\u00fcgelrad"},"content":{"rendered":"<p>Keramischer Ring f\u00fcr Fl\u00fcgelrad<\/p>\n","protected":false},"excerpt":{"rendered":"<p>Keramischer Ring f\u00fcr Fl\u00fcgelrad<\/p>\n","protected":false},"featured_media":15304,"template":"","meta":[],"product_brand":[],"product_cat":[218,213,86,81],"product_tag":[],"class_list":{"0":"post-11931","1":"product","2":"type-product","3":"status-publish","4":"has-post-thumbnail","6":"product_cat-korr-gascoigne-melotte","7":"product_cat-markenubersicht","8":"product_cat-milchpumpen-und-ersatzteile","9":"product_cat-produkte","11":"first","12":"instock","13":"purchasable","14":"product-type-simple"},"_links":{"self":[{"href":"https:\/\/www.profiparts.nl\/de\/wp-json\/wp\/v2\/product\/11931","targetHints":{"allow":["GET"]}}],"collection":[{"href":"https:\/\/www.profiparts.nl\/de\/wp-json\/wp\/v2\/product"}],"about":[{"href":"https:\/\/www.profiparts.nl\/de\/wp-json\/wp\/v2\/types\/product"}],"wp:featuredmedia":[{"embeddable":true,"href":"https:\/\/www.profiparts.nl\/de\/wp-json\/wp\/v2\/media\/15304"}],"wp:attachment":[{"href":"https:\/\/www.profiparts.nl\/de\/wp-json\/wp\/v2\/media?parent=11931"}],"wp:term":[{"taxonomy":"product_brand","embeddable":true,"href":"https:\/\/www.profiparts.nl\/de\/wp-json\/wp\/v2\/product_brand?post=11931"},{"taxonomy":"product_cat","embeddable":true,"href":"https:\/\/www.profiparts.nl\/de\/wp-json\/wp\/v2\/product_cat?post=11931"},{"taxonomy":"product_tag","embeddable":true,"href":"https:\/\/www.profiparts.nl\/de\/wp-json\/wp\/v2\/product_tag?post=11931"}],"curies":[{"name":"wp","href":"https:\/\/api.w.org\/{rel}","templated":true}]}}