{"id":11926,"date":"2019-11-29T15:07:27","date_gmt":"2019-11-29T15:07:27","guid":{"rendered":"http:\/\/profiparts.onderhoudwebsite.nl\/product\/rueckschlagklappe-oe40-mm-korr-miele-7720-1311-211\/"},"modified":"2019-11-29T15:07:42","modified_gmt":"2019-11-29T15:07:42","slug":"rueckschlagklappe-oe40-mm-korr-miele-7720-1311-211","status":"publish","type":"product","link":"https:\/\/www.profiparts.nl\/de\/produkt\/rueckschlagklappe-oe40-mm-korr-miele-7720-1311-211\/","title":{"rendered":"R\u00fcckschlagklappe \u00d840 mm korr. Miele 7720-1311-211"},"content":{"rendered":"<p>R\u00fcckschlagklappe \u00d840 mm korr. Miele 7720-1311-211<\/p>\n","protected":false},"excerpt":{"rendered":"<p>R\u00fcckschlagklappe \u00d840 mm korr. Miele 7720-1311-211<\/p>\n","protected":false},"featured_media":3520,"template":"","meta":[],"product_brand":[],"product_cat":[221,213,86,81],"product_tag":[],"class_list":{"0":"post-11926","1":"product","2":"type-product","3":"status-publish","4":"has-post-thumbnail","6":"product_cat-korr-miele","7":"product_cat-markenubersicht","8":"product_cat-milchpumpen-und-ersatzteile","9":"product_cat-produkte","11":"first","12":"instock","13":"purchasable","14":"product-type-simple"},"_links":{"self":[{"href":"https:\/\/www.profiparts.nl\/de\/wp-json\/wp\/v2\/product\/11926","targetHints":{"allow":["GET"]}}],"collection":[{"href":"https:\/\/www.profiparts.nl\/de\/wp-json\/wp\/v2\/product"}],"about":[{"href":"https:\/\/www.profiparts.nl\/de\/wp-json\/wp\/v2\/types\/product"}],"wp:featuredmedia":[{"embeddable":true,"href":"https:\/\/www.profiparts.nl\/de\/wp-json\/wp\/v2\/media\/3520"}],"wp:attachment":[{"href":"https:\/\/www.profiparts.nl\/de\/wp-json\/wp\/v2\/media?parent=11926"}],"wp:term":[{"taxonomy":"product_brand","embeddable":true,"href":"https:\/\/www.profiparts.nl\/de\/wp-json\/wp\/v2\/product_brand?post=11926"},{"taxonomy":"product_cat","embeddable":true,"href":"https:\/\/www.profiparts.nl\/de\/wp-json\/wp\/v2\/product_cat?post=11926"},{"taxonomy":"product_tag","embeddable":true,"href":"https:\/\/www.profiparts.nl\/de\/wp-json\/wp\/v2\/product_tag?post=11926"}],"curies":[{"name":"wp","href":"https:\/\/api.w.org\/{rel}","templated":true}]}}