{"id":11911,"date":"2019-11-29T15:05:52","date_gmt":"2019-11-29T15:05:52","guid":{"rendered":"http:\/\/profiparts.onderhoudwebsite.nl\/product\/gummi-rueckschlagklappe-oe40-mm-pass-delaval-gm-2\/"},"modified":"2019-11-29T15:06:16","modified_gmt":"2019-11-29T15:06:16","slug":"gummi-rueckschlagklappe-oe40-mm-pass-delaval-gm-2","status":"publish","type":"product","link":"https:\/\/www.profiparts.nl\/de\/produkt\/gummi-rueckschlagklappe-oe40-mm-pass-delaval-gm-2\/","title":{"rendered":"Gummi R\u00fcckschlagklappe \u00d840 mm pass. DeLaval GM-2"},"content":{"rendered":"<p>Gummi R\u00fcckschlagklappe \u00d840 mm pass. DeLaval GM-2<\/p>\n","protected":false},"excerpt":{"rendered":"<p>Gummi R\u00fcckschlagklappe \u00d840 mm pass. DeLaval GM-2<\/p>\n","protected":false},"featured_media":3478,"template":"","meta":[],"product_brand":[],"product_cat":[216,213,86,81],"product_tag":[],"class_list":{"0":"post-11911","1":"product","2":"type-product","3":"status-publish","4":"has-post-thumbnail","6":"product_cat-korr-delaval","7":"product_cat-markenubersicht","8":"product_cat-milchpumpen-und-ersatzteile","9":"product_cat-produkte","11":"first","12":"instock","13":"purchasable","14":"product-type-simple"},"_links":{"self":[{"href":"https:\/\/www.profiparts.nl\/de\/wp-json\/wp\/v2\/product\/11911","targetHints":{"allow":["GET"]}}],"collection":[{"href":"https:\/\/www.profiparts.nl\/de\/wp-json\/wp\/v2\/product"}],"about":[{"href":"https:\/\/www.profiparts.nl\/de\/wp-json\/wp\/v2\/types\/product"}],"wp:featuredmedia":[{"embeddable":true,"href":"https:\/\/www.profiparts.nl\/de\/wp-json\/wp\/v2\/media\/3478"}],"wp:attachment":[{"href":"https:\/\/www.profiparts.nl\/de\/wp-json\/wp\/v2\/media?parent=11911"}],"wp:term":[{"taxonomy":"product_brand","embeddable":true,"href":"https:\/\/www.profiparts.nl\/de\/wp-json\/wp\/v2\/product_brand?post=11911"},{"taxonomy":"product_cat","embeddable":true,"href":"https:\/\/www.profiparts.nl\/de\/wp-json\/wp\/v2\/product_cat?post=11911"},{"taxonomy":"product_tag","embeddable":true,"href":"https:\/\/www.profiparts.nl\/de\/wp-json\/wp\/v2\/product_tag?post=11911"}],"curies":[{"name":"wp","href":"https:\/\/api.w.org\/{rel}","templated":true}]}}