{"id":11853,"date":"2019-11-29T15:00:48","date_gmt":"2019-11-29T15:00:48","guid":{"rendered":"http:\/\/profiparts.onderhoudwebsite.nl\/product\/gehaeusedichtung-fuer-milchpumpe-15-kw-korr-westfalia-7038-2764-020\/"},"modified":"2019-11-29T15:01:01","modified_gmt":"2019-11-29T15:01:01","slug":"gehaeusedichtung-fuer-milchpumpe-15-kw-korr-westfalia-7038-2764-020","status":"publish","type":"product","link":"https:\/\/www.profiparts.nl\/de\/produkt\/gehaeusedichtung-fuer-milchpumpe-15-kw-korr-westfalia-7038-2764-020\/","title":{"rendered":"Geh\u00e4usedichtung f\u00fcr Milchpumpe 1,5 kW korr. Westfalia 7038-2764-020"},"content":{"rendered":"<p>Geh\u00e4usedichtung f\u00fcr Milchpumpe 1,5 kW korr. Westfalia 7038-2764-020<\/p>\n","protected":false},"excerpt":{"rendered":"<p>Geh\u00e4usedichtung f\u00fcr Milchpumpe 1,5 kW korr. Westfalia 7038-2764-020<\/p>\n","protected":false},"featured_media":2446,"template":"","meta":[],"product_brand":[],"product_cat":[224,213,86,81],"product_tag":[],"class_list":{"0":"post-11853","1":"product","2":"type-product","3":"status-publish","4":"has-post-thumbnail","6":"product_cat-korr-westfalia","7":"product_cat-markenubersicht","8":"product_cat-milchpumpen-und-ersatzteile","9":"product_cat-produkte","11":"first","12":"instock","13":"purchasable","14":"product-type-simple"},"_links":{"self":[{"href":"https:\/\/www.profiparts.nl\/de\/wp-json\/wp\/v2\/product\/11853","targetHints":{"allow":["GET"]}}],"collection":[{"href":"https:\/\/www.profiparts.nl\/de\/wp-json\/wp\/v2\/product"}],"about":[{"href":"https:\/\/www.profiparts.nl\/de\/wp-json\/wp\/v2\/types\/product"}],"wp:featuredmedia":[{"embeddable":true,"href":"https:\/\/www.profiparts.nl\/de\/wp-json\/wp\/v2\/media\/2446"}],"wp:attachment":[{"href":"https:\/\/www.profiparts.nl\/de\/wp-json\/wp\/v2\/media?parent=11853"}],"wp:term":[{"taxonomy":"product_brand","embeddable":true,"href":"https:\/\/www.profiparts.nl\/de\/wp-json\/wp\/v2\/product_brand?post=11853"},{"taxonomy":"product_cat","embeddable":true,"href":"https:\/\/www.profiparts.nl\/de\/wp-json\/wp\/v2\/product_cat?post=11853"},{"taxonomy":"product_tag","embeddable":true,"href":"https:\/\/www.profiparts.nl\/de\/wp-json\/wp\/v2\/product_tag?post=11853"}],"curies":[{"name":"wp","href":"https:\/\/api.w.org\/{rel}","templated":true}]}}