{"id":11842,"date":"2019-11-29T14:59:43","date_gmt":"2019-11-29T14:59:43","guid":{"rendered":"http:\/\/profiparts.onderhoudwebsite.nl\/product\/gehaeusedichtung-pass-fullwood-grosses-modell\/"},"modified":"2019-11-29T15:00:03","modified_gmt":"2019-11-29T15:00:03","slug":"gehaeusedichtung-pass-fullwood-grosses-modell","status":"publish","type":"product","link":"https:\/\/www.profiparts.nl\/de\/produkt\/gehaeusedichtung-pass-fullwood-grosses-modell\/","title":{"rendered":"Geh\u00e4usedichtung pass. Fullwood, gro\u00dfes Modell"},"content":{"rendered":"<p>Geh\u00e4usedichtung pass. Fullwood, gro\u00dfes Modell<\/p>\n","protected":false},"excerpt":{"rendered":"<p>Geh\u00e4usedichtung pass. Fullwood, gro\u00dfes Modell<\/p>\n","protected":false},"featured_media":2884,"template":"","meta":[],"product_brand":[],"product_cat":[217,213,86,81],"product_tag":[],"class_list":{"0":"post-11842","1":"product","2":"type-product","3":"status-publish","4":"has-post-thumbnail","6":"product_cat-korr-fullwood","7":"product_cat-markenubersicht","8":"product_cat-milchpumpen-und-ersatzteile","9":"product_cat-produkte","11":"first","12":"instock","13":"purchasable","14":"product-type-simple"},"_links":{"self":[{"href":"https:\/\/www.profiparts.nl\/de\/wp-json\/wp\/v2\/product\/11842","targetHints":{"allow":["GET"]}}],"collection":[{"href":"https:\/\/www.profiparts.nl\/de\/wp-json\/wp\/v2\/product"}],"about":[{"href":"https:\/\/www.profiparts.nl\/de\/wp-json\/wp\/v2\/types\/product"}],"wp:featuredmedia":[{"embeddable":true,"href":"https:\/\/www.profiparts.nl\/de\/wp-json\/wp\/v2\/media\/2884"}],"wp:attachment":[{"href":"https:\/\/www.profiparts.nl\/de\/wp-json\/wp\/v2\/media?parent=11842"}],"wp:term":[{"taxonomy":"product_brand","embeddable":true,"href":"https:\/\/www.profiparts.nl\/de\/wp-json\/wp\/v2\/product_brand?post=11842"},{"taxonomy":"product_cat","embeddable":true,"href":"https:\/\/www.profiparts.nl\/de\/wp-json\/wp\/v2\/product_cat?post=11842"},{"taxonomy":"product_tag","embeddable":true,"href":"https:\/\/www.profiparts.nl\/de\/wp-json\/wp\/v2\/product_tag?post=11842"}],"curies":[{"name":"wp","href":"https:\/\/api.w.org\/{rel}","templated":true}]}}