{"id":11807,"date":"2019-11-29T14:55:55","date_gmt":"2019-11-29T14:55:55","guid":{"rendered":"http:\/\/profiparts.onderhoudwebsite.nl\/product\/deckelring-fuer-vakuumtank-pass-gascoigne-melotte-gruen\/"},"modified":"2020-01-22T14:18:10","modified_gmt":"2020-01-22T14:18:10","slug":"deckelring-fuer-vakuumtank-pass-gascoigne-melotte-gruen","status":"publish","type":"product","link":"https:\/\/www.profiparts.nl\/de\/produkt\/deckelring-fuer-vakuumtank-pass-gascoigne-melotte-gruen\/","title":{"rendered":"Deckelring f\u00fcr Vakuumtank pass. Gascoigne Melotte, gr\u00fcn"},"content":{"rendered":"<p>Deckelring f\u00fcr Vakuumtank pass. Gascoigne Melotte, gr\u00fcn<\/p>\n","protected":false},"excerpt":{"rendered":"<p>Deckelring f\u00fcr Vakuumtank pass. Gascoigne Melotte, gr\u00fcn<\/p>\n","protected":false},"featured_media":15295,"template":"","meta":[],"product_brand":[],"product_cat":[218,213,81,85],"product_tag":[],"class_list":{"0":"post-11807","1":"product","2":"type-product","3":"status-publish","4":"has-post-thumbnail","6":"product_cat-korr-gascoigne-melotte","7":"product_cat-markenubersicht","8":"product_cat-produkte","9":"product_cat-vakuum","11":"first","12":"instock","13":"purchasable","14":"product-type-simple"},"_links":{"self":[{"href":"https:\/\/www.profiparts.nl\/de\/wp-json\/wp\/v2\/product\/11807","targetHints":{"allow":["GET"]}}],"collection":[{"href":"https:\/\/www.profiparts.nl\/de\/wp-json\/wp\/v2\/product"}],"about":[{"href":"https:\/\/www.profiparts.nl\/de\/wp-json\/wp\/v2\/types\/product"}],"wp:featuredmedia":[{"embeddable":true,"href":"https:\/\/www.profiparts.nl\/de\/wp-json\/wp\/v2\/media\/15295"}],"wp:attachment":[{"href":"https:\/\/www.profiparts.nl\/de\/wp-json\/wp\/v2\/media?parent=11807"}],"wp:term":[{"taxonomy":"product_brand","embeddable":true,"href":"https:\/\/www.profiparts.nl\/de\/wp-json\/wp\/v2\/product_brand?post=11807"},{"taxonomy":"product_cat","embeddable":true,"href":"https:\/\/www.profiparts.nl\/de\/wp-json\/wp\/v2\/product_cat?post=11807"},{"taxonomy":"product_tag","embeddable":true,"href":"https:\/\/www.profiparts.nl\/de\/wp-json\/wp\/v2\/product_tag?post=11807"}],"curies":[{"name":"wp","href":"https:\/\/api.w.org\/{rel}","templated":true}]}}