{"id":11785,"date":"2019-11-29T14:53:16","date_gmt":"2019-11-29T14:53:16","guid":{"rendered":"http:\/\/profiparts.onderhoudwebsite.nl\/product\/geraeuschdaempfer\/"},"modified":"2019-11-29T14:53:52","modified_gmt":"2019-11-29T14:53:52","slug":"geraeuschdaempfer","status":"publish","type":"product","link":"https:\/\/www.profiparts.nl\/de\/produkt\/geraeuschdaempfer\/","title":{"rendered":"Ger\u00e4uschd\u00e4mpfer"},"content":{"rendered":"<p>Ger\u00e4uschd\u00e4mpfer<\/p>\n","protected":false},"excerpt":{"rendered":"<p>Ger\u00e4uschd\u00e4mpfer<\/p>\n","protected":false},"featured_media":4615,"template":"","meta":[],"product_brand":[],"product_cat":[81,85],"product_tag":[],"class_list":{"0":"post-11785","1":"product","2":"type-product","3":"status-publish","4":"has-post-thumbnail","6":"product_cat-produkte","7":"product_cat-vakuum","8":"pa_groesse-1147","9":"pa_groesse-1148","10":"pa_groesse-1149","12":"first","13":"instock","14":"purchasable","15":"product-type-variable"},"_links":{"self":[{"href":"https:\/\/www.profiparts.nl\/de\/wp-json\/wp\/v2\/product\/11785","targetHints":{"allow":["GET"]}}],"collection":[{"href":"https:\/\/www.profiparts.nl\/de\/wp-json\/wp\/v2\/product"}],"about":[{"href":"https:\/\/www.profiparts.nl\/de\/wp-json\/wp\/v2\/types\/product"}],"wp:featuredmedia":[{"embeddable":true,"href":"https:\/\/www.profiparts.nl\/de\/wp-json\/wp\/v2\/media\/4615"}],"wp:attachment":[{"href":"https:\/\/www.profiparts.nl\/de\/wp-json\/wp\/v2\/media?parent=11785"}],"wp:term":[{"taxonomy":"product_brand","embeddable":true,"href":"https:\/\/www.profiparts.nl\/de\/wp-json\/wp\/v2\/product_brand?post=11785"},{"taxonomy":"product_cat","embeddable":true,"href":"https:\/\/www.profiparts.nl\/de\/wp-json\/wp\/v2\/product_cat?post=11785"},{"taxonomy":"product_tag","embeddable":true,"href":"https:\/\/www.profiparts.nl\/de\/wp-json\/wp\/v2\/product_tag?post=11785"}],"curies":[{"name":"wp","href":"https:\/\/api.w.org\/{rel}","templated":true}]}}