{"id":11780,"date":"2019-11-29T14:53:03","date_gmt":"2019-11-29T14:53:03","guid":{"rendered":"http:\/\/profiparts.onderhoudwebsite.nl\/product\/cta-geraeuschdaempfer\/"},"modified":"2019-11-29T14:53:32","modified_gmt":"2019-11-29T14:53:32","slug":"cta-geraeuschdaempfer","status":"publish","type":"product","link":"https:\/\/www.profiparts.nl\/de\/produkt\/cta-geraeuschdaempfer\/","title":{"rendered":"CTA Ger\u00e4uschd\u00e4mpfer"},"content":{"rendered":"<p>CTA Ger\u00e4uschd\u00e4mpfer<\/p>\n","protected":false},"excerpt":{"rendered":"<p>CTA Ger\u00e4uschd\u00e4mpfer<\/p>\n","protected":false},"featured_media":4618,"template":"","meta":[],"product_brand":[],"product_cat":[81,85],"product_tag":[],"class_list":{"0":"post-11780","1":"product","2":"type-product","3":"status-publish","4":"has-post-thumbnail","6":"product_cat-produkte","7":"product_cat-vakuum","8":"pa_typ-1000-1500-ltr","9":"pa_typ-2200-ltr","10":"pa_typ-3300-ltr","11":"pa_typ-500-750-ltr","13":"first","14":"instock","15":"purchasable","16":"product-type-variable"},"_links":{"self":[{"href":"https:\/\/www.profiparts.nl\/de\/wp-json\/wp\/v2\/product\/11780","targetHints":{"allow":["GET"]}}],"collection":[{"href":"https:\/\/www.profiparts.nl\/de\/wp-json\/wp\/v2\/product"}],"about":[{"href":"https:\/\/www.profiparts.nl\/de\/wp-json\/wp\/v2\/types\/product"}],"wp:featuredmedia":[{"embeddable":true,"href":"https:\/\/www.profiparts.nl\/de\/wp-json\/wp\/v2\/media\/4618"}],"wp:attachment":[{"href":"https:\/\/www.profiparts.nl\/de\/wp-json\/wp\/v2\/media?parent=11780"}],"wp:term":[{"taxonomy":"product_brand","embeddable":true,"href":"https:\/\/www.profiparts.nl\/de\/wp-json\/wp\/v2\/product_brand?post=11780"},{"taxonomy":"product_cat","embeddable":true,"href":"https:\/\/www.profiparts.nl\/de\/wp-json\/wp\/v2\/product_cat?post=11780"},{"taxonomy":"product_tag","embeddable":true,"href":"https:\/\/www.profiparts.nl\/de\/wp-json\/wp\/v2\/product_tag?post=11780"}],"curies":[{"name":"wp","href":"https:\/\/api.w.org\/{rel}","templated":true}]}}