{"id":11725,"date":"2019-11-29T14:47:55","date_gmt":"2019-11-29T14:47:55","guid":{"rendered":"http:\/\/profiparts.onderhoudwebsite.nl\/product\/membrane-fuer-edelstahl-vakuumabschliesser-milchpumpe\/"},"modified":"2019-11-29T14:48:10","modified_gmt":"2019-11-29T14:48:10","slug":"membrane-fuer-edelstahl-vakuumabschliesser-milchpumpe","status":"publish","type":"product","link":"https:\/\/www.profiparts.nl\/de\/produkt\/membrane-fuer-edelstahl-vakuumabschliesser-milchpumpe\/","title":{"rendered":"Membrane f\u00fcr Edelstahl Vakuumabschlie\u00dfer Milchpumpe"},"content":{"rendered":"<p>Membrane f\u00fcr Edelstahl Vakuumabschlie\u00dfer Milchpumpe<\/p>\n","protected":false},"excerpt":{"rendered":"<p>Membrane f\u00fcr Edelstahl Vakuumabschlie\u00dfer Milchpumpe<\/p>\n","protected":false},"featured_media":4126,"template":"","meta":[],"product_brand":[],"product_cat":[81,85],"product_tag":[],"class_list":{"0":"post-11725","1":"product","2":"type-product","3":"status-publish","4":"has-post-thumbnail","6":"product_cat-produkte","7":"product_cat-vakuum","9":"first","10":"outofstock","11":"product-type-simple"},"_links":{"self":[{"href":"https:\/\/www.profiparts.nl\/de\/wp-json\/wp\/v2\/product\/11725","targetHints":{"allow":["GET"]}}],"collection":[{"href":"https:\/\/www.profiparts.nl\/de\/wp-json\/wp\/v2\/product"}],"about":[{"href":"https:\/\/www.profiparts.nl\/de\/wp-json\/wp\/v2\/types\/product"}],"wp:featuredmedia":[{"embeddable":true,"href":"https:\/\/www.profiparts.nl\/de\/wp-json\/wp\/v2\/media\/4126"}],"wp:attachment":[{"href":"https:\/\/www.profiparts.nl\/de\/wp-json\/wp\/v2\/media?parent=11725"}],"wp:term":[{"taxonomy":"product_brand","embeddable":true,"href":"https:\/\/www.profiparts.nl\/de\/wp-json\/wp\/v2\/product_brand?post=11725"},{"taxonomy":"product_cat","embeddable":true,"href":"https:\/\/www.profiparts.nl\/de\/wp-json\/wp\/v2\/product_cat?post=11725"},{"taxonomy":"product_tag","embeddable":true,"href":"https:\/\/www.profiparts.nl\/de\/wp-json\/wp\/v2\/product_tag?post=11725"}],"curies":[{"name":"wp","href":"https:\/\/api.w.org\/{rel}","templated":true}]}}