{"id":11723,"date":"2019-11-29T14:47:29","date_gmt":"2019-11-29T14:47:29","guid":{"rendered":"http:\/\/profiparts.onderhoudwebsite.nl\/product\/membrane-fuer-edelstahl-vakuumabschliesser\/"},"modified":"2019-11-29T14:48:00","modified_gmt":"2019-11-29T14:48:00","slug":"membrane-fuer-edelstahl-vakuumabschliesser","status":"publish","type":"product","link":"https:\/\/www.profiparts.nl\/de\/produkt\/membrane-fuer-edelstahl-vakuumabschliesser\/","title":{"rendered":"Membrane f\u00fcr Edelstahl Vakuumabschlie\u00dfer"},"content":{"rendered":"<p>Membrane f\u00fcr Edelstahl Vakuumabschlie\u00dfer<\/p>\n","protected":false},"excerpt":{"rendered":"<p>Membrane f\u00fcr Edelstahl Vakuumabschlie\u00dfer<\/p>\n","protected":false},"featured_media":4120,"template":"","meta":[],"product_brand":[],"product_cat":[81,85],"product_tag":[],"class_list":{"0":"post-11723","1":"product","2":"type-product","3":"status-publish","4":"has-post-thumbnail","6":"product_cat-produkte","7":"product_cat-vakuum","9":"first","10":"outofstock","11":"product-type-simple"},"_links":{"self":[{"href":"https:\/\/www.profiparts.nl\/de\/wp-json\/wp\/v2\/product\/11723","targetHints":{"allow":["GET"]}}],"collection":[{"href":"https:\/\/www.profiparts.nl\/de\/wp-json\/wp\/v2\/product"}],"about":[{"href":"https:\/\/www.profiparts.nl\/de\/wp-json\/wp\/v2\/types\/product"}],"wp:featuredmedia":[{"embeddable":true,"href":"https:\/\/www.profiparts.nl\/de\/wp-json\/wp\/v2\/media\/4120"}],"wp:attachment":[{"href":"https:\/\/www.profiparts.nl\/de\/wp-json\/wp\/v2\/media?parent=11723"}],"wp:term":[{"taxonomy":"product_brand","embeddable":true,"href":"https:\/\/www.profiparts.nl\/de\/wp-json\/wp\/v2\/product_brand?post=11723"},{"taxonomy":"product_cat","embeddable":true,"href":"https:\/\/www.profiparts.nl\/de\/wp-json\/wp\/v2\/product_cat?post=11723"},{"taxonomy":"product_tag","embeddable":true,"href":"https:\/\/www.profiparts.nl\/de\/wp-json\/wp\/v2\/product_tag?post=11723"}],"curies":[{"name":"wp","href":"https:\/\/api.w.org\/{rel}","templated":true}]}}