{"id":11717,"date":"2019-11-29T14:46:50","date_gmt":"2019-11-29T14:46:50","guid":{"rendered":"http:\/\/profiparts.onderhoudwebsite.nl\/product\/edelstahl-platte-fuer-vakuumabschliesser\/"},"modified":"2020-01-22T13:59:39","modified_gmt":"2020-01-22T13:59:39","slug":"edelstahl-platte-fuer-vakuumabschliesser","status":"publish","type":"product","link":"https:\/\/www.profiparts.nl\/de\/produkt\/edelstahl-platte-fuer-vakuumabschliesser\/","title":{"rendered":"Edelstahl Platte f\u00fcr Vakuumabschlie\u00dfer"},"content":{"rendered":"<p>Edelstahl Platte f\u00fcr Vakuumabschlie\u00dfer<\/p>\n","protected":false},"excerpt":{"rendered":"<p>Edelstahl Platte f\u00fcr Vakuumabschlie\u00dfer<\/p>\n","protected":false},"featured_media":15280,"template":"","meta":[],"product_brand":[],"product_cat":[81,85],"product_tag":[],"class_list":{"0":"post-11717","1":"product","2":"type-product","3":"status-publish","4":"has-post-thumbnail","6":"product_cat-produkte","7":"product_cat-vakuum","8":"pa_groesse-66-mm-klein","9":"pa_groesse-88-mm-gross","11":"first","12":"instock","13":"purchasable","14":"product-type-variable"},"_links":{"self":[{"href":"https:\/\/www.profiparts.nl\/de\/wp-json\/wp\/v2\/product\/11717","targetHints":{"allow":["GET"]}}],"collection":[{"href":"https:\/\/www.profiparts.nl\/de\/wp-json\/wp\/v2\/product"}],"about":[{"href":"https:\/\/www.profiparts.nl\/de\/wp-json\/wp\/v2\/types\/product"}],"wp:featuredmedia":[{"embeddable":true,"href":"https:\/\/www.profiparts.nl\/de\/wp-json\/wp\/v2\/media\/15280"}],"wp:attachment":[{"href":"https:\/\/www.profiparts.nl\/de\/wp-json\/wp\/v2\/media?parent=11717"}],"wp:term":[{"taxonomy":"product_brand","embeddable":true,"href":"https:\/\/www.profiparts.nl\/de\/wp-json\/wp\/v2\/product_brand?post=11717"},{"taxonomy":"product_cat","embeddable":true,"href":"https:\/\/www.profiparts.nl\/de\/wp-json\/wp\/v2\/product_cat?post=11717"},{"taxonomy":"product_tag","embeddable":true,"href":"https:\/\/www.profiparts.nl\/de\/wp-json\/wp\/v2\/product_tag?post=11717"}],"curies":[{"name":"wp","href":"https:\/\/api.w.org\/{rel}","templated":true}]}}