{"id":11646,"date":"2019-11-29T14:40:39","date_gmt":"2019-11-29T14:40:39","guid":{"rendered":"http:\/\/profiparts.onderhoudwebsite.nl\/product\/edelstahl-feder-fuer-luftanschlussroehrchen\/"},"modified":"2019-11-29T14:40:51","modified_gmt":"2019-11-29T14:40:51","slug":"edelstahl-feder-fuer-luftanschlussroehrchen","status":"publish","type":"product","link":"https:\/\/www.profiparts.nl\/de\/produkt\/edelstahl-feder-fuer-luftanschlussroehrchen\/","title":{"rendered":"Edelstahl Feder f\u00fcr Luftanschlussr\u00f6hrchen"},"content":{"rendered":"<p>Edelstahl Feder f\u00fcr Luftanschlussr\u00f6hrchen<\/p>\n","protected":false},"excerpt":{"rendered":"<p>Edelstahl Feder f\u00fcr Luftanschlussr\u00f6hrchen<\/p>\n","protected":false},"featured_media":3121,"template":"","meta":[],"product_brand":[],"product_cat":[81,85],"product_tag":[],"class_list":{"0":"post-11646","1":"product","2":"type-product","3":"status-publish","4":"has-post-thumbnail","6":"product_cat-produkte","7":"product_cat-vakuum","9":"first","10":"outofstock","11":"product-type-simple"},"_links":{"self":[{"href":"https:\/\/www.profiparts.nl\/de\/wp-json\/wp\/v2\/product\/11646","targetHints":{"allow":["GET"]}}],"collection":[{"href":"https:\/\/www.profiparts.nl\/de\/wp-json\/wp\/v2\/product"}],"about":[{"href":"https:\/\/www.profiparts.nl\/de\/wp-json\/wp\/v2\/types\/product"}],"wp:featuredmedia":[{"embeddable":true,"href":"https:\/\/www.profiparts.nl\/de\/wp-json\/wp\/v2\/media\/3121"}],"wp:attachment":[{"href":"https:\/\/www.profiparts.nl\/de\/wp-json\/wp\/v2\/media?parent=11646"}],"wp:term":[{"taxonomy":"product_brand","embeddable":true,"href":"https:\/\/www.profiparts.nl\/de\/wp-json\/wp\/v2\/product_brand?post=11646"},{"taxonomy":"product_cat","embeddable":true,"href":"https:\/\/www.profiparts.nl\/de\/wp-json\/wp\/v2\/product_cat?post=11646"},{"taxonomy":"product_tag","embeddable":true,"href":"https:\/\/www.profiparts.nl\/de\/wp-json\/wp\/v2\/product_tag?post=11646"}],"curies":[{"name":"wp","href":"https:\/\/api.w.org\/{rel}","templated":true}]}}