{"id":11631,"date":"2019-11-29T14:39:15","date_gmt":"2019-11-29T14:39:15","guid":{"rendered":"http:\/\/profiparts.onderhoudwebsite.nl\/product\/pvc-oelschlauch-oe7x10-mm\/"},"modified":"2019-11-29T14:39:20","modified_gmt":"2019-11-29T14:39:20","slug":"pvc-oelschlauch-oe7x10-mm","status":"publish","type":"product","link":"https:\/\/www.profiparts.nl\/de\/produkt\/pvc-oelschlauch-oe7x10-mm\/","title":{"rendered":"PVC \u00d6lschlauch \u00d87&#215;10 mm"},"content":{"rendered":"<p>PVC \u00d6lschlauch \u00d87&#215;10 mm<\/p>\n","protected":false},"excerpt":{"rendered":"<p>PVC \u00d6lschlauch \u00d87&#215;10 mm<\/p>\n","protected":false},"featured_media":4648,"template":"","meta":[],"product_brand":[],"product_cat":[81,85],"product_tag":[],"class_list":{"0":"post-11631","1":"product","2":"type-product","3":"status-publish","4":"has-post-thumbnail","6":"product_cat-produkte","7":"product_cat-vakuum","9":"first","10":"instock","11":"purchasable","12":"product-type-simple"},"_links":{"self":[{"href":"https:\/\/www.profiparts.nl\/de\/wp-json\/wp\/v2\/product\/11631","targetHints":{"allow":["GET"]}}],"collection":[{"href":"https:\/\/www.profiparts.nl\/de\/wp-json\/wp\/v2\/product"}],"about":[{"href":"https:\/\/www.profiparts.nl\/de\/wp-json\/wp\/v2\/types\/product"}],"wp:featuredmedia":[{"embeddable":true,"href":"https:\/\/www.profiparts.nl\/de\/wp-json\/wp\/v2\/media\/4648"}],"wp:attachment":[{"href":"https:\/\/www.profiparts.nl\/de\/wp-json\/wp\/v2\/media?parent=11631"}],"wp:term":[{"taxonomy":"product_brand","embeddable":true,"href":"https:\/\/www.profiparts.nl\/de\/wp-json\/wp\/v2\/product_brand?post=11631"},{"taxonomy":"product_cat","embeddable":true,"href":"https:\/\/www.profiparts.nl\/de\/wp-json\/wp\/v2\/product_cat?post=11631"},{"taxonomy":"product_tag","embeddable":true,"href":"https:\/\/www.profiparts.nl\/de\/wp-json\/wp\/v2\/product_tag?post=11631"}],"curies":[{"name":"wp","href":"https:\/\/api.w.org\/{rel}","templated":true}]}}