{"id":11630,"date":"2019-11-29T14:38:58","date_gmt":"2019-11-29T14:38:58","guid":{"rendered":"http:\/\/profiparts.onderhoudwebsite.nl\/product\/pvc-ansaugroehrchen-40-cm-set-2-stueck\/"},"modified":"2019-11-29T14:39:18","modified_gmt":"2019-11-29T14:39:18","slug":"pvc-ansaugroehrchen-40-cm-set-2-stueck","status":"publish","type":"product","link":"https:\/\/www.profiparts.nl\/de\/produkt\/pvc-ansaugroehrchen-40-cm-set-2-stueck\/","title":{"rendered":"PVC Ansaugr\u00f6hrchen 40 cm (set 2 St\u00fcck)"},"content":{"rendered":"<p>PVC Ansaugr\u00f6hrchen 40 cm (set 2 St\u00fcck)<\/p>\n","protected":false},"excerpt":{"rendered":"<p>PVC Ansaugr\u00f6hrchen 40 cm (set 2 St\u00fcck)<\/p>\n","protected":false},"featured_media":4657,"template":"","meta":[],"product_brand":[],"product_cat":[81,85],"product_tag":[],"class_list":{"0":"post-11630","1":"product","2":"type-product","3":"status-publish","4":"has-post-thumbnail","6":"product_cat-produkte","7":"product_cat-vakuum","9":"first","10":"instock","11":"purchasable","12":"product-type-simple"},"_links":{"self":[{"href":"https:\/\/www.profiparts.nl\/de\/wp-json\/wp\/v2\/product\/11630","targetHints":{"allow":["GET"]}}],"collection":[{"href":"https:\/\/www.profiparts.nl\/de\/wp-json\/wp\/v2\/product"}],"about":[{"href":"https:\/\/www.profiparts.nl\/de\/wp-json\/wp\/v2\/types\/product"}],"wp:featuredmedia":[{"embeddable":true,"href":"https:\/\/www.profiparts.nl\/de\/wp-json\/wp\/v2\/media\/4657"}],"wp:attachment":[{"href":"https:\/\/www.profiparts.nl\/de\/wp-json\/wp\/v2\/media?parent=11630"}],"wp:term":[{"taxonomy":"product_brand","embeddable":true,"href":"https:\/\/www.profiparts.nl\/de\/wp-json\/wp\/v2\/product_brand?post=11630"},{"taxonomy":"product_cat","embeddable":true,"href":"https:\/\/www.profiparts.nl\/de\/wp-json\/wp\/v2\/product_cat?post=11630"},{"taxonomy":"product_tag","embeddable":true,"href":"https:\/\/www.profiparts.nl\/de\/wp-json\/wp\/v2\/product_tag?post=11630"}],"curies":[{"name":"wp","href":"https:\/\/api.w.org\/{rel}","templated":true}]}}