{"id":11621,"date":"2019-11-29T14:38:16","date_gmt":"2019-11-29T14:38:16","guid":{"rendered":"http:\/\/profiparts.onderhoudwebsite.nl\/product\/tropfoeler-system-10-ltr-fuer-vakuumpumpe\/"},"modified":"2019-11-29T14:38:41","modified_gmt":"2019-11-29T14:38:41","slug":"tropfoler-system-10-ltr-fur-vakuumpumpe","status":"publish","type":"product","link":"https:\/\/www.profiparts.nl\/de\/produkt\/tropfoler-system-10-ltr-fur-vakuumpumpe\/","title":{"rendered":"Tropf\u00f6ler System 10 Ltr. f\u00fcr Vakuumpumpe"},"content":{"rendered":"<p>Tropf\u00f6ler System 10 Ltr. f\u00fcr Vakuumpumpe<\/p>\n","protected":false},"excerpt":{"rendered":"<p>Tropf\u00f6ler System 10 Ltr. f\u00fcr Vakuumpumpe<\/p>\n","protected":false},"featured_media":4651,"template":"","meta":[],"product_brand":[],"product_cat":[81,85],"product_tag":[],"class_list":{"0":"post-11621","1":"product","2":"type-product","3":"status-publish","4":"has-post-thumbnail","6":"product_cat-produkte","7":"product_cat-vakuum","8":"pa_typ-2-fach","9":"pa_typ-3-fach","11":"first","12":"instock","13":"purchasable","14":"product-type-variable"},"_links":{"self":[{"href":"https:\/\/www.profiparts.nl\/de\/wp-json\/wp\/v2\/product\/11621","targetHints":{"allow":["GET"]}}],"collection":[{"href":"https:\/\/www.profiparts.nl\/de\/wp-json\/wp\/v2\/product"}],"about":[{"href":"https:\/\/www.profiparts.nl\/de\/wp-json\/wp\/v2\/types\/product"}],"wp:featuredmedia":[{"embeddable":true,"href":"https:\/\/www.profiparts.nl\/de\/wp-json\/wp\/v2\/media\/4651"}],"wp:attachment":[{"href":"https:\/\/www.profiparts.nl\/de\/wp-json\/wp\/v2\/media?parent=11621"}],"wp:term":[{"taxonomy":"product_brand","embeddable":true,"href":"https:\/\/www.profiparts.nl\/de\/wp-json\/wp\/v2\/product_brand?post=11621"},{"taxonomy":"product_cat","embeddable":true,"href":"https:\/\/www.profiparts.nl\/de\/wp-json\/wp\/v2\/product_cat?post=11621"},{"taxonomy":"product_tag","embeddable":true,"href":"https:\/\/www.profiparts.nl\/de\/wp-json\/wp\/v2\/product_tag?post=11621"}],"curies":[{"name":"wp","href":"https:\/\/api.w.org\/{rel}","templated":true}]}}