{"id":11618,"date":"2019-11-29T14:38:04","date_gmt":"2019-11-29T14:38:04","guid":{"rendered":"http:\/\/profiparts.onderhoudwebsite.nl\/product\/tropfoeler-system-5-ltr-fuer-vakuumpumpe\/"},"modified":"2019-11-29T14:38:26","modified_gmt":"2019-11-29T14:38:26","slug":"tropfoeler-system-5-ltr-fuer-vakuumpumpe","status":"publish","type":"product","link":"https:\/\/www.profiparts.nl\/de\/produkt\/tropfoeler-system-5-ltr-fuer-vakuumpumpe\/","title":{"rendered":"Tropf\u00f6ler System 5 Ltr. f\u00fcr Vakuumpumpe"},"content":{"rendered":"<p>Tropf\u00f6ler System 5 Ltr. f\u00fcr Vakuumpumpe<\/p>\n","protected":false},"excerpt":{"rendered":"<p>Tropf\u00f6ler System 5 Ltr. f\u00fcr Vakuumpumpe<\/p>\n","protected":false},"featured_media":4651,"template":"","meta":[],"product_brand":[],"product_cat":[81,85],"product_tag":[],"class_list":{"0":"post-11618","1":"product","2":"type-product","3":"status-publish","4":"has-post-thumbnail","6":"product_cat-produkte","7":"product_cat-vakuum","8":"pa_typ-2-fach","9":"pa_typ-3-fach","11":"first","12":"instock","13":"purchasable","14":"product-type-variable"},"_links":{"self":[{"href":"https:\/\/www.profiparts.nl\/de\/wp-json\/wp\/v2\/product\/11618","targetHints":{"allow":["GET"]}}],"collection":[{"href":"https:\/\/www.profiparts.nl\/de\/wp-json\/wp\/v2\/product"}],"about":[{"href":"https:\/\/www.profiparts.nl\/de\/wp-json\/wp\/v2\/types\/product"}],"wp:featuredmedia":[{"embeddable":true,"href":"https:\/\/www.profiparts.nl\/de\/wp-json\/wp\/v2\/media\/4651"}],"wp:attachment":[{"href":"https:\/\/www.profiparts.nl\/de\/wp-json\/wp\/v2\/media?parent=11618"}],"wp:term":[{"taxonomy":"product_brand","embeddable":true,"href":"https:\/\/www.profiparts.nl\/de\/wp-json\/wp\/v2\/product_brand?post=11618"},{"taxonomy":"product_cat","embeddable":true,"href":"https:\/\/www.profiparts.nl\/de\/wp-json\/wp\/v2\/product_cat?post=11618"},{"taxonomy":"product_tag","embeddable":true,"href":"https:\/\/www.profiparts.nl\/de\/wp-json\/wp\/v2\/product_tag?post=11618"}],"curies":[{"name":"wp","href":"https:\/\/api.w.org\/{rel}","templated":true}]}}