{"id":11494,"date":"2019-11-29T14:24:05","date_gmt":"2019-11-29T14:24:05","guid":{"rendered":"http:\/\/profiparts.onderhoudwebsite.nl\/product\/kunststoff-adaptergehaeuse-komplett-pass-fuer-delaval\/"},"modified":"2019-11-29T14:24:21","modified_gmt":"2019-11-29T14:24:21","slug":"kunststoff-adaptergehaeuse-komplett-pass-fuer-delaval","status":"publish","type":"product","link":"https:\/\/www.profiparts.nl\/de\/produkt\/kunststoff-adaptergehaeuse-komplett-pass-fuer-delaval\/","title":{"rendered":"Kunststoff Adaptergeh\u00e4use komplett pass. f\u00fcr DeLaval"},"content":{"rendered":"<p>Kunststoff Adaptergeh\u00e4use komplett pass. f\u00fcr DeLaval<\/p>\n","protected":false},"excerpt":{"rendered":"<p>Kunststoff Adaptergeh\u00e4use komplett pass. f\u00fcr DeLaval<\/p>\n","protected":false},"featured_media":2200,"template":"","meta":[],"product_brand":[],"product_cat":[216,213,81,83],"product_tag":[],"class_list":{"0":"post-11494","1":"product","2":"type-product","3":"status-publish","4":"has-post-thumbnail","6":"product_cat-korr-delaval","7":"product_cat-markenubersicht","8":"product_cat-produkte","9":"product_cat-pulsieren","11":"first","12":"outofstock","13":"product-type-simple"},"_links":{"self":[{"href":"https:\/\/www.profiparts.nl\/de\/wp-json\/wp\/v2\/product\/11494","targetHints":{"allow":["GET"]}}],"collection":[{"href":"https:\/\/www.profiparts.nl\/de\/wp-json\/wp\/v2\/product"}],"about":[{"href":"https:\/\/www.profiparts.nl\/de\/wp-json\/wp\/v2\/types\/product"}],"wp:featuredmedia":[{"embeddable":true,"href":"https:\/\/www.profiparts.nl\/de\/wp-json\/wp\/v2\/media\/2200"}],"wp:attachment":[{"href":"https:\/\/www.profiparts.nl\/de\/wp-json\/wp\/v2\/media?parent=11494"}],"wp:term":[{"taxonomy":"product_brand","embeddable":true,"href":"https:\/\/www.profiparts.nl\/de\/wp-json\/wp\/v2\/product_brand?post=11494"},{"taxonomy":"product_cat","embeddable":true,"href":"https:\/\/www.profiparts.nl\/de\/wp-json\/wp\/v2\/product_cat?post=11494"},{"taxonomy":"product_tag","embeddable":true,"href":"https:\/\/www.profiparts.nl\/de\/wp-json\/wp\/v2\/product_tag?post=11494"}],"curies":[{"name":"wp","href":"https:\/\/api.w.org\/{rel}","templated":true}]}}