{"id":11276,"date":"2019-11-29T14:07:00","date_gmt":"2019-11-29T14:07:00","guid":{"rendered":"http:\/\/profiparts.onderhoudwebsite.nl\/product\/dipspray-anlage-fuer-peraspray-ambic-ohne-zubehoer\/"},"modified":"2019-11-29T14:07:12","modified_gmt":"2019-11-29T14:07:12","slug":"dipspray-anlage-fuer-peraspray-ambic-ohne-zubehoer","status":"publish","type":"product","link":"https:\/\/www.profiparts.nl\/de\/produkt\/dipspray-anlage-fuer-peraspray-ambic-ohne-zubehoer\/","title":{"rendered":"Dipspray Anlage f\u00fcr Peraspray Ambic ohne Zubeh\u00f6r"},"content":{"rendered":"<p>Dipspray Anlage f\u00fcr Peraspray Ambic ohne Zubeh\u00f6r<\/p>\n","protected":false},"excerpt":{"rendered":"<p>ohne Zubeh\u00f6r<\/p>\n","protected":false},"featured_media":4276,"template":"","meta":[],"product_brand":[],"product_cat":[81,82],"product_tag":[],"class_list":{"0":"post-11276","1":"product","2":"type-product","3":"status-publish","4":"has-post-thumbnail","6":"product_cat-produkte","7":"product_cat-reinigung-und-hygiene","9":"first","10":"instock","11":"purchasable","12":"product-type-simple"},"_links":{"self":[{"href":"https:\/\/www.profiparts.nl\/de\/wp-json\/wp\/v2\/product\/11276","targetHints":{"allow":["GET"]}}],"collection":[{"href":"https:\/\/www.profiparts.nl\/de\/wp-json\/wp\/v2\/product"}],"about":[{"href":"https:\/\/www.profiparts.nl\/de\/wp-json\/wp\/v2\/types\/product"}],"wp:featuredmedia":[{"embeddable":true,"href":"https:\/\/www.profiparts.nl\/de\/wp-json\/wp\/v2\/media\/4276"}],"wp:attachment":[{"href":"https:\/\/www.profiparts.nl\/de\/wp-json\/wp\/v2\/media?parent=11276"}],"wp:term":[{"taxonomy":"product_brand","embeddable":true,"href":"https:\/\/www.profiparts.nl\/de\/wp-json\/wp\/v2\/product_brand?post=11276"},{"taxonomy":"product_cat","embeddable":true,"href":"https:\/\/www.profiparts.nl\/de\/wp-json\/wp\/v2\/product_cat?post=11276"},{"taxonomy":"product_tag","embeddable":true,"href":"https:\/\/www.profiparts.nl\/de\/wp-json\/wp\/v2\/product_tag?post=11276"}],"curies":[{"name":"wp","href":"https:\/\/api.w.org\/{rel}","templated":true}]}}