{"id":11274,"date":"2019-11-29T14:06:36","date_gmt":"2019-11-29T14:06:36","guid":{"rendered":"http:\/\/profiparts.onderhoudwebsite.nl\/product\/spruehduese-fuer-neues-modell-euterpistole\/"},"modified":"2019-11-29T14:06:53","modified_gmt":"2019-11-29T14:06:53","slug":"spruehduese-fuer-neues-modell-euterpistole","status":"publish","type":"product","link":"https:\/\/www.profiparts.nl\/de\/produkt\/spruehduese-fuer-neues-modell-euterpistole\/","title":{"rendered":"Spr\u00fchd\u00fcse f\u00fcr neues Modell Euterpistole"},"content":{"rendered":"<p>Spr\u00fchd\u00fcse f\u00fcr neues Modell Euterpistole<\/p>\n","protected":false},"excerpt":{"rendered":"<p>Spr\u00fchd\u00fcse f\u00fcr neues Modell Euterpistole<\/p>\n","protected":false},"featured_media":15202,"template":"","meta":[],"product_brand":[],"product_cat":[81,82],"product_tag":[],"class_list":{"0":"post-11274","1":"product","2":"type-product","3":"status-publish","4":"has-post-thumbnail","6":"product_cat-produkte","7":"product_cat-reinigung-und-hygiene","9":"first","10":"instock","11":"purchasable","12":"product-type-simple"},"_links":{"self":[{"href":"https:\/\/www.profiparts.nl\/de\/wp-json\/wp\/v2\/product\/11274","targetHints":{"allow":["GET"]}}],"collection":[{"href":"https:\/\/www.profiparts.nl\/de\/wp-json\/wp\/v2\/product"}],"about":[{"href":"https:\/\/www.profiparts.nl\/de\/wp-json\/wp\/v2\/types\/product"}],"wp:featuredmedia":[{"embeddable":true,"href":"https:\/\/www.profiparts.nl\/de\/wp-json\/wp\/v2\/media\/15202"}],"wp:attachment":[{"href":"https:\/\/www.profiparts.nl\/de\/wp-json\/wp\/v2\/media?parent=11274"}],"wp:term":[{"taxonomy":"product_brand","embeddable":true,"href":"https:\/\/www.profiparts.nl\/de\/wp-json\/wp\/v2\/product_brand?post=11274"},{"taxonomy":"product_cat","embeddable":true,"href":"https:\/\/www.profiparts.nl\/de\/wp-json\/wp\/v2\/product_cat?post=11274"},{"taxonomy":"product_tag","embeddable":true,"href":"https:\/\/www.profiparts.nl\/de\/wp-json\/wp\/v2\/product_tag?post=11274"}],"curies":[{"name":"wp","href":"https:\/\/api.w.org\/{rel}","templated":true}]}}